{"id":9148,"date":"2024-04-12T17:39:10","date_gmt":"2024-04-12T15:39:10","guid":{"rendered":"http:\/\/www.biarritzsportsretraite.fr\/?page_id=9148"},"modified":"2024-04-12T18:18:48","modified_gmt":"2024-04-12T16:18:48","slug":"elementor-9148","status":"publish","type":"page","link":"https:\/\/www.biarritzsportsretraite.fr\/index.php\/elementor-9148\/","title":{"rendered":"D\u00e9c\u00e8s de Serge Barretieri"},"content":{"rendered":"\t\t<div data-elementor-type=\"wp-page\" data-elementor-id=\"9148\" class=\"elementor elementor-9148\">\n\t\t\t\t<div class=\"elementor-element elementor-element-d6ff8bb e-flex e-con-boxed e-con e-parent\" data-id=\"d6ff8bb\" data-element_type=\"container\" data-e-type=\"container\">\n\t\t\t\t\t<div class=\"e-con-inner\">\n\t\t<div class=\"elementor-element elementor-element-fcd3167 e-con-full e-flex e-con e-child\" data-id=\"fcd3167\" data-element_type=\"container\" data-e-type=\"container\">\n\t\t\t\t<div class=\"elementor-element elementor-element-aa1d298 elementor-widget__width-initial elementor-widget elementor-widget-image\" data-id=\"aa1d298\" data-element_type=\"widget\" data-e-type=\"widget\" data-widget_type=\"image.default\">\n\t\t\t\t<div class=\"elementor-widget-container\">\n\t\t\t\t\t\t\t\t\t\t\t\t\t\t\t<img fetchpriority=\"high\" decoding=\"async\" width=\"840\" height=\"911\" src=\"https:\/\/www.biarritzsportsretraite.fr\/wp-content\/uploads\/2024\/04\/Serge-B.png\" class=\"attachment-1536x1536 size-1536x1536 wp-image-9147\" alt=\"\" srcset=\"https:\/\/www.biarritzsportsretraite.fr\/wp-content\/uploads\/2024\/04\/Serge-B.png 840w, https:\/\/www.biarritzsportsretraite.fr\/wp-content\/uploads\/2024\/04\/Serge-B-277x300.png 277w, https:\/\/www.biarritzsportsretraite.fr\/wp-content\/uploads\/2024\/04\/Serge-B-768x833.png 768w\" sizes=\"(max-width: 840px) 100vw, 840px\" \/>\t\t\t\t\t\t\t\t\t\t\t\t\t\t\t<\/div>\n\t\t\t\t<\/div>\n\t\t\t\t<\/div>\n\t\t<div class=\"elementor-element elementor-element-08fcf04 e-con-full e-flex e-con e-child\" data-id=\"08fcf04\" data-element_type=\"container\" data-e-type=\"container\">\n\t\t\t\t<\/div>\n\t\t\t\t\t<\/div>\n\t\t\t\t<\/div>\n\t\t<div class=\"elementor-element elementor-element-454bd79 e-flex e-con-boxed e-con e-parent\" data-id=\"454bd79\" data-element_type=\"container\" data-e-type=\"container\">\n\t\t\t\t\t<div class=\"e-con-inner\">\n\t\t\t\t<div class=\"elementor-element elementor-element-9f2305a elementor-widget elementor-widget-text-editor\" data-id=\"9f2305a\" data-element_type=\"widget\" data-e-type=\"widget\" data-widget_type=\"text-editor.default\">\n\t\t\t\t<div class=\"elementor-widget-container\">\n\t\t\t\t\t\t\t\t\t<div style=\"font-style: normal; font-variant-ligatures: normal; font-variant-caps: normal; font-weight: 400; font-size: large; font-family: Arial, Helvetica, sans-serif; color: rgb(34, 34, 34);\">Chers Amis de BSR,<\/div>\n<div style=\"font-style: normal; font-variant-ligatures: normal; font-variant-caps: normal; font-weight: 400; font-size: large; font-family: Arial, Helvetica, sans-serif; color: rgb(34, 34, 34);\">Serge, pour les nouveaux adh\u00e9rents qui ne le connaissaient pas, a \u00e9t\u00e9 le pr\u00e9c\u00e9dent pr\u00e9sident de BSR pendant quatre ans entre 2018 et&nbsp;<span style=\"font-style: normal; font-variant-ligatures: normal; font-variant-caps: normal; font-weight: 400; font-size: large; font-family: Arial, Helvetica, sans-serif; text-align: var(--text-align);\">2022.<\/span><\/div>\n<div style=\"font-style: normal; font-variant-ligatures: normal; font-variant-caps: normal; font-weight: 400; font-size: large; font-family: Arial, Helvetica, sans-serif; color: rgb(34, 34, 34);\">Tr\u00e8s relationnel, toujours amical, Serge aimait la rencontre et n\u2019a pas craint de s\u2019exposer en assumant la responsabilit\u00e9 de notre association.<\/div>\n<div style=\"font-style: normal; font-variant-ligatures: normal; font-variant-caps: normal; font-weight: 400; font-size: large; font-family: Arial, Helvetica, sans-serif; color: rgb(34, 34, 34);\">Il a d\u00fb g\u00e9rer la difficile travers\u00e9e de la p\u00e9riode du Covid lorsque les injonctions administratives successives perturbaient le cours des activit\u00e9s.&nbsp;<\/div>\n<div style=\"font-style: normal; font-variant-ligatures: normal; font-variant-caps: normal; font-weight: 400; font-size: large; font-family: Arial, Helvetica, sans-serif; color: rgb(34, 34, 34);\">Gr\u00e2ce \u00e0 son action la vie de l\u2019association n\u2019en a pas souffert et ce fut une belle r\u00e9ussite de garder fid\u00e8les autant d\u2019adh\u00e9rents.<\/div>\n<div style=\"font-style: normal; font-variant-ligatures: normal; font-variant-caps: normal; font-weight: 400; font-size: large; font-family: Arial, Helvetica, sans-serif; color: rgb(34, 34, 34);\">Serge aimait le chant, et pratiquait la randonn\u00e9e en montagne jusqu\u2019\u00e0 ce que les soucis de sant\u00e9 l\u2019emp\u00eachent de poursuivre un<\/div>\n<div style=\"font-style: normal; font-variant-ligatures: normal; font-variant-caps: normal; font-weight: 400; font-size: large; font-family: Arial, Helvetica, sans-serif; color: rgb(34, 34, 34);\">sport qu\u2019il aimait particuli\u00e8rement puisqu\u2019il s\u2019\u00e9tait engag\u00e9 aussi comme animateur de rando.<\/div>\n<div style=\"font-style: normal; font-variant-ligatures: normal; font-variant-caps: normal; font-weight: 400; font-size: large; font-family: Arial, Helvetica, sans-serif; color: rgb(34, 34, 34);\">Tr\u00e8s vite apr\u00e8s qu\u2019il ait transf\u00e9r\u00e9 ses responsabilit\u00e9s de pr\u00e9sident, Serge a men\u00e9 un rude combat contre une maladie sans piti\u00e9.<\/div>\n<div style=\"font-style: normal; font-variant-ligatures: normal; font-variant-caps: normal; font-weight: 400; font-size: large; font-family: Arial, Helvetica, sans-serif; color: rgb(34, 34, 34);\">Nous partageons tous la peine de Sophie son \u00e9pouse \u00e0 qui nous disons notre amiti\u00e9&nbsp;: elle a toujours toute sa place parmi nous.<\/div>\n<div style=\"font-style: normal; font-variant-ligatures: normal; font-variant-caps: normal; font-weight: 400; font-size: large; font-family: Arial, Helvetica, sans-serif; color: rgb(34, 34, 34);\">Merci Serge.<\/div>\n<div style=\"font-style: normal; font-variant-ligatures: normal; font-variant-caps: normal; font-weight: 400; font-size: large; font-family: Arial, Helvetica, sans-serif; color: rgb(34, 34, 34);\">&nbsp; &nbsp; &nbsp; &nbsp; &nbsp; &nbsp; &nbsp; &nbsp; &nbsp; &nbsp; &nbsp; &nbsp; &nbsp; &nbsp; &nbsp; &nbsp; &nbsp; &nbsp; &nbsp; &nbsp; &nbsp; &nbsp; &nbsp; &nbsp; &nbsp; &nbsp; &nbsp; &nbsp; &nbsp; &nbsp; &nbsp; &nbsp; &nbsp; &nbsp; &nbsp; &nbsp; &nbsp; &nbsp; &nbsp; &nbsp; &nbsp; &nbsp; &nbsp; &nbsp; &nbsp;Le Conseil d&rsquo;Administration<\/div>\n<div style=\"font-style: normal; font-variant-ligatures: normal; font-variant-caps: normal; font-weight: 400; font-size: large; font-family: Arial, Helvetica, sans-serif; color: rgb(34, 34, 34);\">&nbsp;<\/div>\n<div style=\"font-style: normal; font-variant-ligatures: normal; font-variant-caps: normal; font-weight: 400; font-size: large; font-family: Arial, Helvetica, sans-serif; color: rgb(34, 34, 34);\">Les obs\u00e8ques de Serge auront lieu mercredi 17 Avril&nbsp; \u00e0 14h30 \u00e0 l&rsquo;\u00e9glise Saint l\u00e9on d&rsquo;Anglet.<\/div>\t\t\t\t\t\t\t\t<\/div>\n\t\t\t\t<\/div>\n\t\t\t\t\t<\/div>\n\t\t\t\t<\/div>\n\t\t<div class=\"elementor-element elementor-element-15b020b e-flex e-con-boxed e-con e-parent\" data-id=\"15b020b\" data-element_type=\"container\" data-e-type=\"container\">\n\t\t\t\t\t<div class=\"e-con-inner\">\n\t\t\t\t<div class=\"elementor-element elementor-element-98e216a elementor-align-center elementor-widget elementor-widget-button\" data-id=\"98e216a\" data-element_type=\"widget\" data-e-type=\"widget\" data-widget_type=\"button.default\">\n\t\t\t\t<div class=\"elementor-widget-container\">\n\t\t\t\t\t\t\t\t\t<div class=\"elementor-button-wrapper\">\n\t\t\t\t\t<a class=\"elementor-button elementor-button-link elementor-size-md\" href=\"https:\/\/www.biarritzsportsretraite.fr\/index.php\/home-1\/\">\n\t\t\t\t\t\t<span class=\"elementor-button-content-wrapper\">\n\t\t\t\t\t\t<span class=\"elementor-button-icon\">\n\t\t\t\t<i aria-hidden=\"true\" class=\"fas fa-home\"><\/i>\t\t\t<\/span>\n\t\t\t\t\t\t\t\t\t<span class=\"elementor-button-text\">Page d'Accueil<\/span>\n\t\t\t\t\t<\/span>\n\t\t\t\t\t<\/a>\n\t\t\t\t<\/div>\n\t\t\t\t\t\t\t\t<\/div>\n\t\t\t\t<\/div>\n\t\t\t\t\t<\/div>\n\t\t\t\t<\/div>\n\t\t\t\t<\/div>\n\t\t","protected":false},"excerpt":{"rendered":"<p>Chers Amis de BSR, Serge, pour les nouveaux adh\u00e9rents qui ne le connaissaient pas, a \u00e9t\u00e9 le pr\u00e9c\u00e9dent pr\u00e9sident de BSR pendant quatre ans entre 2018 et&nbsp;2022. Tr\u00e8s relationnel, toujours amical, Serge aimait la rencontre et n\u2019a pas craint de s\u2019exposer en assumant la responsabilit\u00e9 de notre association. Il a d\u00fb g\u00e9rer la difficile travers\u00e9e de la p\u00e9riode du Covid lorsque les injonctions administratives successives perturbaient le cours des activit\u00e9s.&nbsp; Gr\u00e2ce \u00e0 son action la vie de l\u2019association n\u2019en a<\/p>\n","protected":false},"author":5,"featured_media":0,"parent":0,"menu_order":0,"comment_status":"closed","ping_status":"closed","template":"","meta":{"_acf_changed":false,"_seopress_robots_primary_cat":"","_seopress_titles_title":"","_seopress_titles_desc":"","_seopress_robots_index":"","footnotes":""},"class_list":["post-9148","page","type-page","status-publish","hentry"],"acf":[],"_links":{"self":[{"href":"https:\/\/www.biarritzsportsretraite.fr\/index.php\/wp-json\/wp\/v2\/pages\/9148","targetHints":{"allow":["GET"]}}],"collection":[{"href":"https:\/\/www.biarritzsportsretraite.fr\/index.php\/wp-json\/wp\/v2\/pages"}],"about":[{"href":"https:\/\/www.biarritzsportsretraite.fr\/index.php\/wp-json\/wp\/v2\/types\/page"}],"author":[{"embeddable":true,"href":"https:\/\/www.biarritzsportsretraite.fr\/index.php\/wp-json\/wp\/v2\/users\/5"}],"replies":[{"embeddable":true,"href":"https:\/\/www.biarritzsportsretraite.fr\/index.php\/wp-json\/wp\/v2\/comments?post=9148"}],"version-history":[{"count":27,"href":"https:\/\/www.biarritzsportsretraite.fr\/index.php\/wp-json\/wp\/v2\/pages\/9148\/revisions"}],"predecessor-version":[{"id":9179,"href":"https:\/\/www.biarritzsportsretraite.fr\/index.php\/wp-json\/wp\/v2\/pages\/9148\/revisions\/9179"}],"wp:attachment":[{"href":"https:\/\/www.biarritzsportsretraite.fr\/index.php\/wp-json\/wp\/v2\/media?parent=9148"}],"curies":[{"name":"wp","href":"https:\/\/api.w.org\/{rel}","templated":true}]}}