{"id":8900,"date":"2024-03-13T19:43:51","date_gmt":"2024-03-13T18:43:51","guid":{"rendered":"http:\/\/www.biarritzsportsretraite.fr\/?page_id=8900"},"modified":"2026-04-05T20:48:15","modified_gmt":"2026-04-05T18:48:15","slug":"phototheque","status":"publish","type":"page","link":"https:\/\/www.biarritzsportsretraite.fr\/index.php\/phototheque\/","title":{"rendered":"Phototh\u00e8que"},"content":{"rendered":"\t\t<div data-elementor-type=\"wp-page\" data-elementor-id=\"8900\" class=\"elementor elementor-8900\">\n\t\t\t\t<div class=\"elementor-element elementor-element-66313f9 e-con-full e-flex e-con e-parent\" data-id=\"66313f9\" data-element_type=\"container\" data-e-type=\"container\">\n\t\t\t\t<div class=\"elementor-element elementor-element-45dd3f2 elementor-widget__width-initial elementor-widget elementor-widget-heading\" data-id=\"45dd3f2\" data-element_type=\"widget\" data-e-type=\"widget\" data-widget_type=\"heading.default\">\n\t\t\t\t<div class=\"elementor-widget-container\">\n\t\t\t\t\t<h2 class=\"elementor-heading-title elementor-size-default\">Photos et vid\u00e9os<\/h2>\t\t\t\t<\/div>\n\t\t\t\t<\/div>\n\t\t\t\t<\/div>\n\t\t<div class=\"elementor-element elementor-element-706fefe e-flex e-con-boxed e-con e-parent\" data-id=\"706fefe\" data-element_type=\"container\" data-e-type=\"container\">\n\t\t\t\t\t<div class=\"e-con-inner\">\n\t\t<div class=\"elementor-element elementor-element-e2ebf08 e-con-full e-flex e-con e-child\" data-id=\"e2ebf08\" data-element_type=\"container\" data-e-type=\"container\">\n\t\t<div class=\"elementor-element elementor-element-df5c994 e-con-full e-flex e-con e-child\" data-id=\"df5c994\" data-element_type=\"container\" data-e-type=\"container\">\n\t\t\t\t<div class=\"elementor-element elementor-element-abe9d81 elementor-widget__width-initial elementor-widget elementor-widget-image\" data-id=\"abe9d81\" data-element_type=\"widget\" data-e-type=\"widget\" data-widget_type=\"image.default\">\n\t\t\t\t<div class=\"elementor-widget-container\">\n\t\t\t\t\t\t\t\t\t\t\t\t\t\t\t\t<a href=\"https:\/\/www.biarritzsportsretraite.fr\/index.php\/elementor-10373\/\">\n\t\t\t\t\t\t\t<img decoding=\"async\" src=\"https:\/\/www.biarritzsportsretraite.fr\/wp-content\/uploads\/elementor\/thumbs\/Fete-2025-Blanche-Neige-scaled-r35mjnbv9bhldsz27d37yoqakp9sem4z9mnz31iux8.jpg\" title=\"F\u00eate 2025 &#8211; Blanche Neige\" alt=\"F\u00eate 2025 - Blanche Neige\" loading=\"lazy\" \/>\t\t\t\t\t\t\t\t<\/a>\n\t\t\t\t\t\t\t\t\t\t\t\t\t\t\t<\/div>\n\t\t\t\t<\/div>\n\t\t\t\t<\/div>\n\t\t\t\t<div class=\"elementor-element elementor-element-2a6216b elementor-widget elementor-widget-heading\" data-id=\"2a6216b\" data-element_type=\"widget\" data-e-type=\"widget\" data-widget_type=\"heading.default\">\n\t\t\t\t<div class=\"elementor-widget-container\">\n\t\t\t\t\t<h2 class=\"elementor-heading-title elementor-size-default\">F\u00eate BSR 2025<\/h2>\t\t\t\t<\/div>\n\t\t\t\t<\/div>\n\t\t\t\t<\/div>\n\t\t<div class=\"elementor-element elementor-element-fc82a14 e-con-full e-flex e-con e-child\" data-id=\"fc82a14\" data-element_type=\"container\" data-e-type=\"container\">\n\t\t\t\t<div class=\"elementor-element elementor-element-16de462 elementor-widget__width-initial elementor-widget elementor-widget-image\" data-id=\"16de462\" data-element_type=\"widget\" data-e-type=\"widget\" data-widget_type=\"image.default\">\n\t\t\t\t<div class=\"elementor-widget-container\">\n\t\t\t\t\t\t\t\t\t\t\t\t\t\t\t\t<a href=\"https:\/\/www.biarritzsportsretraite.fr\/index.php\/concours-de-cuisine-2025\/\">\n\t\t\t\t\t\t\t<img decoding=\"async\" src=\"https:\/\/www.biarritzsportsretraite.fr\/wp-content\/uploads\/elementor\/thumbs\/IMG_7335-1-rotated-r5gdypk9xpwlw9hnixzpchbbtk24ljxgwfv5qa3wls.jpg\" title=\"IMG_7335 (1)\" alt=\"IMG_7335 (1)\" loading=\"lazy\" \/>\t\t\t\t\t\t\t\t<\/a>\n\t\t\t\t\t\t\t\t\t\t\t\t\t\t\t<\/div>\n\t\t\t\t<\/div>\n\t\t<div class=\"elementor-element elementor-element-fdfb133 e-con-full e-flex e-con e-child\" data-id=\"fdfb133\" data-element_type=\"container\" data-e-type=\"container\">\n\t\t\t\t<div class=\"elementor-element elementor-element-f26ece5 elementor-widget elementor-widget-heading\" data-id=\"f26ece5\" data-element_type=\"widget\" data-e-type=\"widget\" data-widget_type=\"heading.default\">\n\t\t\t\t<div class=\"elementor-widget-container\">\n\t\t\t\t\t<h2 class=\"elementor-heading-title elementor-size-default\">Concours Cuisine 2025<\/h2>\t\t\t\t<\/div>\n\t\t\t\t<\/div>\n\t\t\t\t<\/div>\n\t\t\t\t<\/div>\n\t\t<div class=\"elementor-element elementor-element-d5efc3e e-con-full e-flex e-con e-child\" data-id=\"d5efc3e\" data-element_type=\"container\" data-e-type=\"container\">\n\t\t\t\t<div class=\"elementor-element elementor-element-c578641 elementor-widget__width-initial elementor-widget elementor-widget-image\" data-id=\"c578641\" data-element_type=\"widget\" data-e-type=\"widget\" data-widget_type=\"image.default\">\n\t\t\t\t<div class=\"elementor-widget-container\">\n\t\t\t\t\t\t\t\t\t\t\t\t<figure class=\"wp-caption\">\n\t\t\t\t\t\t\t\t\t\t\t<a href=\"https:\/\/photos.app.goo.gl\/ddJVNXh5yPAbmJYR8\">\n\t\t\t\t\t\t\t<img decoding=\"async\" src=\"https:\/\/www.biarritzsportsretraite.fr\/wp-content\/uploads\/2025\/04\/IMG_6749-scaled.jpg\" title=\"\" alt=\"\" loading=\"lazy\" \/>\t\t\t\t\t\t\t\t<\/a>\n\t\t\t\t\t\t\t\t\t\t\t<figcaption class=\"widget-image-caption wp-caption-text\"><\/figcaption>\n\t\t\t\t\t\t\t\t\t\t<\/figure>\n\t\t\t\t\t\t\t\t\t<\/div>\n\t\t\t\t<\/div>\n\t\t\t\t<div class=\"elementor-element elementor-element-e1db0c2 elementor-widget elementor-widget-heading\" data-id=\"e1db0c2\" data-element_type=\"widget\" data-e-type=\"widget\" data-widget_type=\"heading.default\">\n\t\t\t\t<div class=\"elementor-widget-container\">\n\t\t\t\t\t<h2 class=\"elementor-heading-title elementor-size-default\">Voyage culturel du 11 avril 2025 Getaria (Mus\u00e9e Balenciaga) et Lekeitio<\/h2>\t\t\t\t<\/div>\n\t\t\t\t<\/div>\n\t\t\t\t<\/div>\n\t\t<div class=\"elementor-element elementor-element-bf3962c e-con-full e-flex e-con e-child\" data-id=\"bf3962c\" data-element_type=\"container\" data-e-type=\"container\">\n\t\t\t\t<div class=\"elementor-element elementor-element-c4370d4 elementor-widget__width-initial elementor-widget elementor-widget-image\" data-id=\"c4370d4\" data-element_type=\"widget\" data-e-type=\"widget\" data-widget_type=\"image.default\">\n\t\t\t\t<div class=\"elementor-widget-container\">\n\t\t\t\t\t\t\t\t\t\t\t\t\t\t\t\t<a href=\"https:\/\/photos.app.goo.gl\/nF8uUkpf29nPQW5t5\">\n\t\t\t\t\t\t\t<img decoding=\"async\" src=\"https:\/\/www.biarritzsportsretraite.fr\/wp-content\/uploads\/elementor\/thumbs\/Luz-r7iw49dqpxh65b8kqq7la2jwhs5nfu5vu1mqqjp1o8.jpg\" title=\"Luz\" alt=\"Luz\" loading=\"lazy\" \/>\t\t\t\t\t\t\t\t<\/a>\n\t\t\t\t\t\t\t\t\t\t\t\t\t\t\t<\/div>\n\t\t\t\t<\/div>\n\t\t\t\t<div class=\"elementor-element elementor-element-f20d051 elementor-widget elementor-widget-heading\" data-id=\"f20d051\" data-element_type=\"widget\" data-e-type=\"widget\" data-widget_type=\"heading.default\">\n\t\t\t\t<div class=\"elementor-widget-container\">\n\t\t\t\t\t<h2 class=\"elementor-heading-title elementor-size-default\"><a href=\"https:\/\/photos.app.goo.gl\/nF8uUkpf29nPQW5t5\">Voyage Luz 2025<\/a><\/h2>\t\t\t\t<\/div>\n\t\t\t\t<\/div>\n\t\t\t\t<\/div>\n\t\t\t\t\t<\/div>\n\t\t\t\t<\/div>\n\t\t<div class=\"elementor-element elementor-element-ec559b2 e-flex e-con-boxed e-con e-parent\" data-id=\"ec559b2\" data-element_type=\"container\" data-e-type=\"container\">\n\t\t\t\t\t<div class=\"e-con-inner\">\n\t\t<div class=\"elementor-element elementor-element-9b2e04a e-con-full e-flex e-con e-child\" data-id=\"9b2e04a\" data-element_type=\"container\" data-e-type=\"container\">\n\t\t\t\t<div class=\"elementor-element elementor-element-420e0df elementor-widget elementor-widget-image\" data-id=\"420e0df\" data-element_type=\"widget\" data-e-type=\"widget\" data-widget_type=\"image.default\">\n\t\t\t\t<div class=\"elementor-widget-container\">\n\t\t\t\t\t\t\t\t\t\t\t\t\t\t\t\t<a href=\"https:\/\/photos.app.goo.gl\/LWudampsiZEe38M57\">\n\t\t\t\t\t\t\t<img fetchpriority=\"high\" decoding=\"async\" width=\"675\" height=\"506\" src=\"https:\/\/www.biarritzsportsretraite.fr\/wp-content\/uploads\/2024\/11\/IMG_6064-1024x768.jpg\" class=\"attachment-large size-large wp-image-10138\" alt=\"\" srcset=\"https:\/\/www.biarritzsportsretraite.fr\/wp-content\/uploads\/2024\/11\/IMG_6064-1024x768.jpg 1024w, https:\/\/www.biarritzsportsretraite.fr\/wp-content\/uploads\/2024\/11\/IMG_6064-300x225.jpg 300w, https:\/\/www.biarritzsportsretraite.fr\/wp-content\/uploads\/2024\/11\/IMG_6064-768x576.jpg 768w, https:\/\/www.biarritzsportsretraite.fr\/wp-content\/uploads\/2024\/11\/IMG_6064-1536x1152.jpg 1536w, https:\/\/www.biarritzsportsretraite.fr\/wp-content\/uploads\/2024\/11\/IMG_6064-2048x1536.jpg 2048w\" sizes=\"(max-width: 675px) 100vw, 675px\" \/>\t\t\t\t\t\t\t\t<\/a>\n\t\t\t\t\t\t\t\t\t\t\t\t\t\t\t<\/div>\n\t\t\t\t<\/div>\n\t\t\t\t<div class=\"elementor-element elementor-element-0c76c44 elementor-widget elementor-widget-heading\" data-id=\"0c76c44\" data-element_type=\"widget\" data-e-type=\"widget\" data-widget_type=\"heading.default\">\n\t\t\t\t<div class=\"elementor-widget-container\">\n\t\t\t\t\t<h4 class=\"elementor-heading-title elementor-size-default\">Saragosse 2024<\/h4>\t\t\t\t<\/div>\n\t\t\t\t<\/div>\n\t\t\t\t<\/div>\n\t\t<div class=\"elementor-element elementor-element-eb0586b e-con-full e-flex e-con e-child\" data-id=\"eb0586b\" data-element_type=\"container\" data-e-type=\"container\">\n\t\t\t\t<div class=\"elementor-element elementor-element-4c44e3b elementor-widget elementor-widget-image\" data-id=\"4c44e3b\" data-element_type=\"widget\" data-e-type=\"widget\" data-widget_type=\"image.default\">\n\t\t\t\t<div class=\"elementor-widget-container\">\n\t\t\t\t\t\t\t\t\t\t\t\t\t\t\t\t<a href=\"https:\/\/photos.app.goo.gl\/m7oHijTtwSnzuQhPA\">\n\t\t\t\t\t\t\t<img decoding=\"async\" width=\"675\" height=\"506\" src=\"https:\/\/www.biarritzsportsretraite.fr\/wp-content\/uploads\/2025\/10\/IMG_1348-1024x768.jpg\" class=\"attachment-large size-large wp-image-10958\" alt=\"\" srcset=\"https:\/\/www.biarritzsportsretraite.fr\/wp-content\/uploads\/2025\/10\/IMG_1348-1024x768.jpg 1024w, https:\/\/www.biarritzsportsretraite.fr\/wp-content\/uploads\/2025\/10\/IMG_1348-300x225.jpg 300w, https:\/\/www.biarritzsportsretraite.fr\/wp-content\/uploads\/2025\/10\/IMG_1348-768x576.jpg 768w, https:\/\/www.biarritzsportsretraite.fr\/wp-content\/uploads\/2025\/10\/IMG_1348-1536x1152.jpg 1536w, https:\/\/www.biarritzsportsretraite.fr\/wp-content\/uploads\/2025\/10\/IMG_1348.jpg 2048w\" sizes=\"(max-width: 675px) 100vw, 675px\" \/>\t\t\t\t\t\t\t\t<\/a>\n\t\t\t\t\t\t\t\t\t\t\t\t\t\t\t<\/div>\n\t\t\t\t<\/div>\n\t\t\t\t<div class=\"elementor-element elementor-element-68c63ff elementor-widget elementor-widget-heading\" data-id=\"68c63ff\" data-element_type=\"widget\" data-e-type=\"widget\" data-widget_type=\"heading.default\">\n\t\t\t\t<div class=\"elementor-widget-container\">\n\t\t\t\t\t<h4 class=\"elementor-heading-title elementor-size-default\">Burgos 2025<\/h4>\t\t\t\t<\/div>\n\t\t\t\t<\/div>\n\t\t\t\t<\/div>\n\t\t<div class=\"elementor-element elementor-element-9424363 e-con-full e-flex e-con e-child\" data-id=\"9424363\" data-element_type=\"container\" data-e-type=\"container\">\n\t\t\t\t<div class=\"elementor-element elementor-element-28296e6 elementor-widget__width-initial elementor-widget elementor-widget-image\" data-id=\"28296e6\" data-element_type=\"widget\" data-e-type=\"widget\" data-widget_type=\"image.default\">\n\t\t\t\t<div class=\"elementor-widget-container\">\n\t\t\t\t\t\t\t\t\t\t\t\t<figure class=\"wp-caption\">\n\t\t\t\t\t\t\t\t\t\t\t<a href=\"https:\/\/photos.app.goo.gl\/CjWCDzrg9fu3YMXe7\">\n\t\t\t\t\t\t\t<img decoding=\"async\" width=\"675\" height=\"506\" src=\"https:\/\/www.biarritzsportsretraite.fr\/wp-content\/uploads\/2024\/11\/Ttoro-du-9-nov-24-2-1024x768.jpg\" class=\"attachment-large size-large wp-image-10153\" alt=\"\" srcset=\"https:\/\/www.biarritzsportsretraite.fr\/wp-content\/uploads\/2024\/11\/Ttoro-du-9-nov-24-2-1024x768.jpg 1024w, https:\/\/www.biarritzsportsretraite.fr\/wp-content\/uploads\/2024\/11\/Ttoro-du-9-nov-24-2-300x225.jpg 300w, https:\/\/www.biarritzsportsretraite.fr\/wp-content\/uploads\/2024\/11\/Ttoro-du-9-nov-24-2-768x576.jpg 768w, https:\/\/www.biarritzsportsretraite.fr\/wp-content\/uploads\/2024\/11\/Ttoro-du-9-nov-24-2-1536x1152.jpg 1536w, https:\/\/www.biarritzsportsretraite.fr\/wp-content\/uploads\/2024\/11\/Ttoro-du-9-nov-24-2-2048x1536.jpg 2048w\" sizes=\"(max-width: 675px) 100vw, 675px\" \/>\t\t\t\t\t\t\t\t<\/a>\n\t\t\t\t\t\t\t\t\t\t\t<figcaption class=\"widget-image-caption wp-caption-text\"><\/figcaption>\n\t\t\t\t\t\t\t\t\t\t<\/figure>\n\t\t\t\t\t\t\t\t\t<\/div>\n\t\t\t\t<\/div>\n\t\t\t\t<div class=\"elementor-element elementor-element-6340afb elementor-widget elementor-widget-heading\" data-id=\"6340afb\" data-element_type=\"widget\" data-e-type=\"widget\" data-widget_type=\"heading.default\">\n\t\t\t\t<div class=\"elementor-widget-container\">\n\t\t\t\t\t<h4 class=\"elementor-heading-title elementor-size-default\">Concours Ttoro 2024<\/h4>\t\t\t\t<\/div>\n\t\t\t\t<\/div>\n\t\t\t\t<\/div>\n\t\t<div class=\"elementor-element elementor-element-9ce2162 e-con-full e-flex e-con e-child\" data-id=\"9ce2162\" data-element_type=\"container\" data-e-type=\"container\">\n\t\t\t\t<div class=\"elementor-element elementor-element-e8fba2c elementor-widget elementor-widget-image\" data-id=\"e8fba2c\" data-element_type=\"widget\" data-e-type=\"widget\" data-widget_type=\"image.default\">\n\t\t\t\t<div class=\"elementor-widget-container\">\n\t\t\t\t\t\t\t\t\t\t\t\t\t\t\t\t<a href=\"https:\/\/photos.app.goo.gl\/ZMrPsnZsWRJZRnjCA\">\n\t\t\t\t\t\t\t<img loading=\"lazy\" decoding=\"async\" width=\"675\" height=\"448\" src=\"https:\/\/www.biarritzsportsretraite.fr\/wp-content\/uploads\/2026\/04\/IMG_1828-1024x679.jpeg\" class=\"attachment-large size-large wp-image-11305\" alt=\"\" srcset=\"https:\/\/www.biarritzsportsretraite.fr\/wp-content\/uploads\/2026\/04\/IMG_1828-1024x679.jpeg 1024w, https:\/\/www.biarritzsportsretraite.fr\/wp-content\/uploads\/2026\/04\/IMG_1828-300x199.jpeg 300w, https:\/\/www.biarritzsportsretraite.fr\/wp-content\/uploads\/2026\/04\/IMG_1828-768x510.jpeg 768w, https:\/\/www.biarritzsportsretraite.fr\/wp-content\/uploads\/2026\/04\/IMG_1828.jpeg 1373w\" sizes=\"(max-width: 675px) 100vw, 675px\" \/>\t\t\t\t\t\t\t\t<\/a>\n\t\t\t\t\t\t\t\t\t\t\t\t\t\t\t<\/div>\n\t\t\t\t<\/div>\n\t\t\t\t<div class=\"elementor-element elementor-element-2b538f6 elementor-widget elementor-widget-heading\" data-id=\"2b538f6\" data-element_type=\"widget\" data-e-type=\"widget\" data-widget_type=\"heading.default\">\n\t\t\t\t<div class=\"elementor-widget-container\">\n\t\t\t\t\t<h4 class=\"elementor-heading-title elementor-size-default\">Sud Navarre 2026<\/h4>\t\t\t\t<\/div>\n\t\t\t\t<\/div>\n\t\t\t\t<\/div>\n\t\t\t\t\t<\/div>\n\t\t\t\t<\/div>\n\t\t<div class=\"elementor-element elementor-element-97f3869 e-flex e-con-boxed e-con e-parent\" data-id=\"97f3869\" data-element_type=\"container\" data-e-type=\"container\">\n\t\t\t\t\t<div class=\"e-con-inner\">\n\t\t<div class=\"elementor-element elementor-element-83a29c9 e-con-full e-flex e-con e-child\" data-id=\"83a29c9\" data-element_type=\"container\" data-e-type=\"container\">\n\t\t\t\t<\/div>\n\t\t<div class=\"elementor-element elementor-element-6f737e6 e-con-full e-flex e-con e-child\" data-id=\"6f737e6\" data-element_type=\"container\" data-e-type=\"container\">\n\t\t\t\t<\/div>\n\t\t\t\t\t<\/div>\n\t\t\t\t<\/div>\n\t\t<div class=\"elementor-element elementor-element-afc6608 e-con-full e-flex e-con e-child\" data-id=\"afc6608\" data-element_type=\"container\" data-e-type=\"container\">\n\t\t<div class=\"elementor-element elementor-element-aa5eccf e-con-full e-flex e-con e-child\" data-id=\"aa5eccf\" data-element_type=\"container\" data-e-type=\"container\">\n\t\t\t\t<\/div>\n\t\t\t\t<\/div>\n\t\t\t\t<\/div>\n\t\t","protected":false},"excerpt":{"rendered":"<p>Photos et vid\u00e9os F\u00eate BSR 2025 Concours Cuisine 2025 Voyage culturel du 11 avril 2025 Getaria (Mus\u00e9e Balenciaga) et Lekeitio Voyage Luz 2025 Saragosse 2024 Burgos 2025 Concours Ttoro 2024 Sud Navarre 2026<\/p>\n","protected":false},"author":9,"featured_media":0,"parent":0,"menu_order":0,"comment_status":"closed","ping_status":"closed","template":"elementor_header_footer","meta":{"_acf_changed":false,"_seopress_robots_primary_cat":"","_seopress_titles_title":"","_seopress_titles_desc":"","_seopress_robots_index":"","footnotes":""},"class_list":["post-8900","page","type-page","status-publish","hentry"],"acf":[],"_links":{"self":[{"href":"https:\/\/www.biarritzsportsretraite.fr\/index.php\/wp-json\/wp\/v2\/pages\/8900","targetHints":{"allow":["GET"]}}],"collection":[{"href":"https:\/\/www.biarritzsportsretraite.fr\/index.php\/wp-json\/wp\/v2\/pages"}],"about":[{"href":"https:\/\/www.biarritzsportsretraite.fr\/index.php\/wp-json\/wp\/v2\/types\/page"}],"author":[{"embeddable":true,"href":"https:\/\/www.biarritzsportsretraite.fr\/index.php\/wp-json\/wp\/v2\/users\/9"}],"replies":[{"embeddable":true,"href":"https:\/\/www.biarritzsportsretraite.fr\/index.php\/wp-json\/wp\/v2\/comments?post=8900"}],"version-history":[{"count":133,"href":"https:\/\/www.biarritzsportsretraite.fr\/index.php\/wp-json\/wp\/v2\/pages\/8900\/revisions"}],"predecessor-version":[{"id":11308,"href":"https:\/\/www.biarritzsportsretraite.fr\/index.php\/wp-json\/wp\/v2\/pages\/8900\/revisions\/11308"}],"wp:attachment":[{"href":"https:\/\/www.biarritzsportsretraite.fr\/index.php\/wp-json\/wp\/v2\/media?parent=8900"}],"curies":[{"name":"wp","href":"https:\/\/api.w.org\/{rel}","templated":true}]}}