{"id":7974,"date":"2023-03-03T08:54:23","date_gmt":"2023-03-03T07:54:23","guid":{"rendered":"http:\/\/www.biarritzsportsretraite.fr\/?page_id=7974"},"modified":"2024-03-31T14:59:03","modified_gmt":"2024-03-31T12:59:03","slug":"fete-bsr-26-fevrier-2023","status":"publish","type":"page","link":"https:\/\/www.biarritzsportsretraite.fr\/index.php\/fete-bsr-26-fevrier-2023\/","title":{"rendered":"F\u00eate BSR &#8211; 26 F\u00e9vrier 2023"},"content":{"rendered":"\t\t<div data-elementor-type=\"wp-page\" data-elementor-id=\"7974\" class=\"elementor elementor-7974\">\n\t\t\t\t<div class=\"elementor-element elementor-element-2126ee4 e-flex e-con-boxed e-con e-parent\" data-id=\"2126ee4\" data-element_type=\"container\" data-e-type=\"container\">\n\t\t\t\t\t<div class=\"e-con-inner\">\n\t\t<div class=\"elementor-element elementor-element-fc8bd96 e-con-full e-flex e-con e-child\" data-id=\"fc8bd96\" data-element_type=\"container\" data-e-type=\"container\">\n\t\t\t\t<div class=\"elementor-element elementor-element-c86d262 elementor-widget elementor-widget-image\" data-id=\"c86d262\" data-element_type=\"widget\" data-e-type=\"widget\" data-widget_type=\"image.default\">\n\t\t\t\t<div class=\"elementor-widget-container\">\n\t\t\t\t\t\t\t\t\t\t\t\t\t\t\t<img fetchpriority=\"high\" decoding=\"async\" width=\"300\" height=\"225\" src=\"https:\/\/www.biarritzsportsretraite.fr\/wp-content\/uploads\/2023\/03\/fete-BSR_3-2023-300x225.jpg\" class=\"attachment-medium size-medium wp-image-7989\" alt=\"\" srcset=\"https:\/\/www.biarritzsportsretraite.fr\/wp-content\/uploads\/2023\/03\/fete-BSR_3-2023-300x225.jpg 300w, https:\/\/www.biarritzsportsretraite.fr\/wp-content\/uploads\/2023\/03\/fete-BSR_3-2023-1024x768.jpg 1024w, https:\/\/www.biarritzsportsretraite.fr\/wp-content\/uploads\/2023\/03\/fete-BSR_3-2023-768x576.jpg 768w, https:\/\/www.biarritzsportsretraite.fr\/wp-content\/uploads\/2023\/03\/fete-BSR_3-2023-1536x1152.jpg 1536w, https:\/\/www.biarritzsportsretraite.fr\/wp-content\/uploads\/2023\/03\/fete-BSR_3-2023-2048x1536.jpg 2048w\" sizes=\"(max-width: 300px) 100vw, 300px\" \/>\t\t\t\t\t\t\t\t\t\t\t\t\t\t\t<\/div>\n\t\t\t\t<\/div>\n\t\t\t\t<\/div>\n\t\t<div class=\"elementor-element elementor-element-bbb5051 e-con-full e-flex e-con e-child\" data-id=\"bbb5051\" data-element_type=\"container\" data-e-type=\"container\">\n\t\t\t\t<div class=\"elementor-element elementor-element-5de1185 elementor-widget elementor-widget-image\" data-id=\"5de1185\" data-element_type=\"widget\" data-e-type=\"widget\" data-widget_type=\"image.default\">\n\t\t\t\t<div class=\"elementor-widget-container\">\n\t\t\t\t\t\t\t\t\t\t\t\t\t\t\t<img decoding=\"async\" width=\"300\" height=\"225\" src=\"https:\/\/www.biarritzsportsretraite.fr\/wp-content\/uploads\/2023\/03\/fete-BSR_1-2023-300x225.jpg\" class=\"attachment-medium size-medium wp-image-7986\" alt=\"\" srcset=\"https:\/\/www.biarritzsportsretraite.fr\/wp-content\/uploads\/2023\/03\/fete-BSR_1-2023-300x225.jpg 300w, https:\/\/www.biarritzsportsretraite.fr\/wp-content\/uploads\/2023\/03\/fete-BSR_1-2023-1024x768.jpg 1024w, https:\/\/www.biarritzsportsretraite.fr\/wp-content\/uploads\/2023\/03\/fete-BSR_1-2023-768x576.jpg 768w, https:\/\/www.biarritzsportsretraite.fr\/wp-content\/uploads\/2023\/03\/fete-BSR_1-2023-1536x1152.jpg 1536w, https:\/\/www.biarritzsportsretraite.fr\/wp-content\/uploads\/2023\/03\/fete-BSR_1-2023-2048x1536.jpg 2048w\" sizes=\"(max-width: 300px) 100vw, 300px\" \/>\t\t\t\t\t\t\t\t\t\t\t\t\t\t\t<\/div>\n\t\t\t\t<\/div>\n\t\t\t\t<\/div>\n\t\t<div class=\"elementor-element elementor-element-f7e4b02 e-con-full e-flex e-con e-child\" data-id=\"f7e4b02\" data-element_type=\"container\" data-e-type=\"container\">\n\t\t\t\t<div class=\"elementor-element elementor-element-711867b elementor-widget elementor-widget-image\" data-id=\"711867b\" data-element_type=\"widget\" data-e-type=\"widget\" data-widget_type=\"image.default\">\n\t\t\t\t<div class=\"elementor-widget-container\">\n\t\t\t\t\t\t\t\t\t\t\t\t\t\t\t<img decoding=\"async\" width=\"300\" height=\"225\" src=\"https:\/\/www.biarritzsportsretraite.fr\/wp-content\/uploads\/2023\/03\/fete-BSR_2-2023-300x225.jpg\" class=\"attachment-medium size-medium wp-image-7988\" alt=\"\" srcset=\"https:\/\/www.biarritzsportsretraite.fr\/wp-content\/uploads\/2023\/03\/fete-BSR_2-2023-300x225.jpg 300w, https:\/\/www.biarritzsportsretraite.fr\/wp-content\/uploads\/2023\/03\/fete-BSR_2-2023-1024x768.jpg 1024w, https:\/\/www.biarritzsportsretraite.fr\/wp-content\/uploads\/2023\/03\/fete-BSR_2-2023-768x576.jpg 768w, https:\/\/www.biarritzsportsretraite.fr\/wp-content\/uploads\/2023\/03\/fete-BSR_2-2023-1536x1152.jpg 1536w, https:\/\/www.biarritzsportsretraite.fr\/wp-content\/uploads\/2023\/03\/fete-BSR_2-2023-2048x1536.jpg 2048w\" sizes=\"(max-width: 300px) 100vw, 300px\" \/>\t\t\t\t\t\t\t\t\t\t\t\t\t\t\t<\/div>\n\t\t\t\t<\/div>\n\t\t\t\t<\/div>\n\t\t\t\t\t<\/div>\n\t\t\t\t<\/div>\n\t\t<div class=\"elementor-element elementor-element-3983217 e-flex e-con-boxed e-con e-parent\" data-id=\"3983217\" data-element_type=\"container\" data-e-type=\"container\">\n\t\t\t\t\t<div class=\"e-con-inner\">\n\t\t<div class=\"elementor-element elementor-element-c7874b1 e-con-full e-flex e-con e-child\" data-id=\"c7874b1\" data-element_type=\"container\" data-e-type=\"container\">\n\t\t\t\t<div class=\"elementor-element elementor-element-8dbbf4e elementor-widget elementor-widget-text-editor\" data-id=\"8dbbf4e\" data-element_type=\"widget\" data-e-type=\"widget\" data-widget_type=\"text-editor.default\">\n\t\t\t\t<div class=\"elementor-widget-container\">\n\t\t\t\t\t\t\t\t\t<h3><span style=\"color: #26282a;\">BSR en f\u00eate, on l\u2019attendait depuis longtemps. On n\u2019a pas \u00e9t\u00e9 d\u00e9\u00e7u\u00a0!\u00a0<\/span><\/h3><div style=\"color: #222222;\"><span style=\"color: #26282a;\">\u00a0 Pirates et corsaires ont men\u00e9 la danse, chant\u00e9, rigol\u00e9 et partag\u00e9 un magnifique et d\u00e9licieux apr\u00e8s midi.<\/span><\/div><div style=\"color: #222222;\"><span style=\"color: #26282a;\">\u00a0 \u00a0 \u00a0 \u00a0 \u00a0 \u00a0 \u00a0 \u00a0 \u00a0 \u00a0 \u00a0 \u00a0 \u00a0 \u00a0 \u00a0 \u00a0 \u00a0 \u00a0 \u00a0 \u00a0 \u00a0 \u00a0 \u00a0 \u00a0 \u00a0 \u00a0 \u00a0 \u00a0 \u00a0 \u00a0 \u00a0 \u00a0 \u00a0 \u00a0 \u00a0 \u00a0Merci \u00e0 tous et bravo aux artistes\u00a0!<\/span><\/div><div style=\"color: #222222;\"><span style=\"color: #26282a;\">\u00a0<\/span><\/div>\t\t\t\t\t\t\t\t<\/div>\n\t\t\t\t<\/div>\n\t\t\t\t<div class=\"elementor-element elementor-element-fa479d6 elementor-widget elementor-widget-text-editor\" data-id=\"fa479d6\" data-element_type=\"widget\" data-e-type=\"widget\" data-widget_type=\"text-editor.default\">\n\t\t\t\t<div class=\"elementor-widget-container\">\n\t\t\t\t\t\t\t\t\t<div style=\"color: #000000; font-family: arial, helvetica, sans-serif; font-size: 16px; font-style: normal; font-variant-ligatures: normal; font-variant-caps: normal; font-weight: 400;\">Cliquez sur un des liens pour voir l&rsquo;Album Correspondant :<\/div><div style=\"color: #000000; font-family: arial, helvetica, sans-serif; font-size: 16px; font-style: normal; font-variant-ligatures: normal; font-variant-caps: normal; font-weight: 400;\">\u00a0<\/div><div style=\"color: #000000; font-family: arial, helvetica, sans-serif; font-size: 16px; font-style: normal; font-variant-ligatures: normal; font-variant-caps: normal; font-weight: 400;\">Les pirates en pose :\u00a0<a style=\"color: #1155cc;\" href=\"https:\/\/photos.app.goo.gl\/fGLWnb62YpYGLaFq8\" target=\"_blank\" rel=\"noopener\" data-saferedirecturl=\"https:\/\/www.google.com\/url?q=https:\/\/photos.app.goo.gl\/fGLWnb62YpYGLaFq8&amp;source=gmail&amp;ust=1677916158143000&amp;usg=AOvVaw0MyifZEQ0oKl8ehrZ6LSl6\">https:\/\/photos.app.goo.gl\/<wbr \/>fGLWnb62YpYGLaFq8<\/a><br \/>L&rsquo;assistance des pirates :\u00a0<a style=\"color: #1155cc;\" href=\"https:\/\/photos.app.goo.gl\/XtzqaQNtG1Ygs7uY6\" target=\"_blank\" rel=\"noopener\" data-saferedirecturl=\"https:\/\/www.google.com\/url?q=https:\/\/photos.app.goo.gl\/XtzqaQNtG1Ygs7uY6&amp;source=gmail&amp;ust=1677916158143000&amp;usg=AOvVaw3bbLIdZY97gr70uWJuPPGO\">https:\/\/photos.app.goo.gl\/<wbr \/>XtzqaQNtG1Ygs7uY6<\/a><\/div><div style=\"color: #000000; font-family: arial, helvetica, sans-serif; font-size: 16px; font-style: normal; font-variant-ligatures: normal; font-variant-caps: normal; font-weight: 400;\">Les films de pirates :\u00a0<a style=\"color: #1155cc;\" href=\"https:\/\/photos.app.goo.gl\/n2XFJH9f8VPqZpZa7\" target=\"_blank\" rel=\"noopener\" data-saferedirecturl=\"https:\/\/www.google.com\/url?q=https:\/\/photos.app.goo.gl\/n2XFJH9f8VPqZpZa7&amp;source=gmail&amp;ust=1677916158143000&amp;usg=AOvVaw2XaXhRjUSAl1F8LbMbqOlE\">https:\/\/photos.app.goo.gl\/<wbr \/>n2XFJH9f8VPqZpZa7<\/a><\/div><div style=\"color: #000000; font-family: arial, helvetica, sans-serif; font-size: 16px; font-style: normal; font-variant-ligatures: normal; font-variant-caps: normal; font-weight: 400;\">La bourse aux pirates :\u00a0<a style=\"color: #1155cc;\" href=\"https:\/\/photos.app.goo.gl\/WJUq8kV5mk3wNC8d7\" target=\"_blank\" rel=\"noopener\" data-saferedirecturl=\"https:\/\/www.google.com\/url?q=https:\/\/photos.app.goo.gl\/WJUq8kV5mk3wNC8d7&amp;source=gmail&amp;ust=1677916158143000&amp;usg=AOvVaw0yIlemdTm_mmMRkGVaPekJ\">https:\/\/photos.app.goo.gl\/<wbr \/>WJUq8kV5mk3wNC8d7<\/a><\/div><div style=\"color: #000000; font-family: arial, helvetica, sans-serif; font-size: 16px; font-style: normal; font-variant-ligatures: normal; font-variant-caps: normal; font-weight: 400;\">Le Madison des pirates :\u00a0<a style=\"color: #1155cc;\" href=\"https:\/\/photos.app.goo.gl\/DX613JnbQWRtYjxn6\" target=\"_blank\" rel=\"noopener\" data-saferedirecturl=\"https:\/\/www.google.com\/url?q=https:\/\/photos.app.goo.gl\/DX613JnbQWRtYjxn6&amp;source=gmail&amp;ust=1677916158143000&amp;usg=AOvVaw2CGFeOrQJ5uQp_fMXVjubW\">https:\/\/photos.app.goo.gl\/<wbr \/>DX613JnbQWRtYjxn6<\/a><\/div><div style=\"color: #000000; font-family: arial, helvetica, sans-serif; font-size: 16px; font-style: normal; font-variant-ligatures: normal; font-variant-caps: normal; font-weight: 400;\">Les pirates en piste :\u00a0<a style=\"color: #1155cc;\" href=\"https:\/\/photos.app.goo.gl\/7wePRRRCfrWghweX9\" target=\"_blank\" rel=\"noopener\" data-saferedirecturl=\"https:\/\/www.google.com\/url?q=https:\/\/photos.app.goo.gl\/7wePRRRCfrWghweX9&amp;source=gmail&amp;ust=1677916158143000&amp;usg=AOvVaw3qSlQt1mpblymHLtIdFA6N\">https:\/\/photos.app.goo.gl\/<wbr \/>7wePRRRCfrWghweX9<\/a><\/div><div style=\"color: #000000; font-family: arial, helvetica, sans-serif; font-size: 16px; font-style: normal; font-variant-ligatures: normal; font-variant-caps: normal; font-weight: 400;\">Voila les pirates d&rsquo;Iguski :\u00a0<a style=\"color: #1155cc;\" href=\"https:\/\/photos.app.goo.gl\/xzUzMJNLv9g4hrav7\" target=\"_blank\" rel=\"noopener\" data-saferedirecturl=\"https:\/\/www.google.com\/url?q=https:\/\/photos.app.goo.gl\/xzUzMJNLv9g4hrav7&amp;source=gmail&amp;ust=1677916158143000&amp;usg=AOvVaw3B57hfQiSc1cu2_qa2-IEz\">https:\/\/photos.app.goo.gl\/<wbr \/>xzUzMJNLv9g4hrav7<\/a><\/div><div style=\"color: #000000; font-family: arial, helvetica, sans-serif; font-size: 16px; font-style: normal; font-variant-ligatures: normal; font-variant-caps: normal; font-weight: 400;\">\u00a0<\/div>\t\t\t\t\t\t\t\t<\/div>\n\t\t\t\t<\/div>\n\t\t\t\t<\/div>\n\t\t\t\t\t<\/div>\n\t\t\t\t<\/div>\n\t\t\t\t<section class=\"elementor-section elementor-top-section elementor-element elementor-element-f26fb33 elementor-section-boxed elementor-section-height-default elementor-section-height-default\" data-id=\"f26fb33\" data-element_type=\"section\" data-e-type=\"section\">\n\t\t\t\t\t\t<div class=\"elementor-container elementor-column-gap-default\">\n\t\t\t\t\t<div class=\"elementor-column elementor-col-100 elementor-top-column elementor-element elementor-element-151ea24\" data-id=\"151ea24\" data-element_type=\"column\" data-e-type=\"column\">\n\t\t\t<div class=\"elementor-widget-wrap\">\n\t\t\t\t\t\t\t<\/div>\n\t\t<\/div>\n\t\t\t\t\t<\/div>\n\t\t<\/section>\n\t\t\t\t<\/div>\n\t\t","protected":false},"excerpt":{"rendered":"<p>BSR en f\u00eate, on l\u2019attendait depuis longtemps. On n\u2019a pas \u00e9t\u00e9 d\u00e9\u00e7u\u00a0!\u00a0 \u00a0 Pirates et corsaires ont men\u00e9 la danse, chant\u00e9, rigol\u00e9 et partag\u00e9 un magnifique et d\u00e9licieux apr\u00e8s midi.\u00a0 \u00a0 \u00a0 \u00a0 \u00a0 \u00a0 \u00a0 \u00a0 \u00a0 \u00a0 \u00a0 \u00a0 \u00a0 \u00a0 \u00a0 \u00a0 \u00a0 \u00a0 \u00a0 \u00a0 \u00a0 \u00a0 \u00a0 \u00a0 \u00a0 \u00a0 \u00a0 \u00a0 \u00a0 \u00a0 \u00a0 \u00a0 \u00a0 \u00a0 \u00a0 \u00a0Merci \u00e0 tous et bravo aux artistes\u00a0!\u00a0Cliquez sur un des liens pour voir l&rsquo;Album Correspondant :\u00a0Les<\/p>\n","protected":false},"author":5,"featured_media":0,"parent":0,"menu_order":0,"comment_status":"closed","ping_status":"closed","template":"","meta":{"_acf_changed":false,"_seopress_robots_primary_cat":"","_seopress_titles_title":"","_seopress_titles_desc":"","_seopress_robots_index":"","footnotes":""},"class_list":["post-7974","page","type-page","status-publish","hentry"],"acf":[],"_links":{"self":[{"href":"https:\/\/www.biarritzsportsretraite.fr\/index.php\/wp-json\/wp\/v2\/pages\/7974","targetHints":{"allow":["GET"]}}],"collection":[{"href":"https:\/\/www.biarritzsportsretraite.fr\/index.php\/wp-json\/wp\/v2\/pages"}],"about":[{"href":"https:\/\/www.biarritzsportsretraite.fr\/index.php\/wp-json\/wp\/v2\/types\/page"}],"author":[{"embeddable":true,"href":"https:\/\/www.biarritzsportsretraite.fr\/index.php\/wp-json\/wp\/v2\/users\/5"}],"replies":[{"embeddable":true,"href":"https:\/\/www.biarritzsportsretraite.fr\/index.php\/wp-json\/wp\/v2\/comments?post=7974"}],"version-history":[{"count":11,"href":"https:\/\/www.biarritzsportsretraite.fr\/index.php\/wp-json\/wp\/v2\/pages\/7974\/revisions"}],"predecessor-version":[{"id":7992,"href":"https:\/\/www.biarritzsportsretraite.fr\/index.php\/wp-json\/wp\/v2\/pages\/7974\/revisions\/7992"}],"wp:attachment":[{"href":"https:\/\/www.biarritzsportsretraite.fr\/index.php\/wp-json\/wp\/v2\/media?parent=7974"}],"curies":[{"name":"wp","href":"https:\/\/api.w.org\/{rel}","templated":true}]}}