{"id":7494,"date":"2022-09-14T05:52:08","date_gmt":"2022-09-14T03:52:08","guid":{"rendered":"http:\/\/www.biarritzsportsretraite.fr\/?page_id=7494"},"modified":"2025-10-13T18:41:50","modified_gmt":"2025-10-13T16:41:50","slug":"pilates","status":"publish","type":"page","link":"https:\/\/www.biarritzsportsretraite.fr\/index.php\/pilates\/","title":{"rendered":"Pilates"},"content":{"rendered":"\t\t<div data-elementor-type=\"wp-page\" data-elementor-id=\"7494\" class=\"elementor elementor-7494\">\n\t\t\t\t<div class=\"elementor-element elementor-element-8dc518a e-flex e-con-boxed e-con e-parent\" data-id=\"8dc518a\" data-element_type=\"container\" data-e-type=\"container\">\n\t\t\t\t\t<div class=\"e-con-inner\">\n\t\t<div class=\"elementor-element elementor-element-ef8b067 e-con-full e-flex e-con e-child\" data-id=\"ef8b067\" data-element_type=\"container\" data-e-type=\"container\">\n\t\t\t\t<div class=\"elementor-element elementor-element-aea5419 elementor-widget elementor-widget-image\" data-id=\"aea5419\" data-element_type=\"widget\" data-e-type=\"widget\" data-widget_type=\"image.default\">\n\t\t\t\t<div class=\"elementor-widget-container\">\n\t\t\t\t\t\t\t\t\t\t\t\t\t\t\t<img fetchpriority=\"high\" decoding=\"async\" width=\"460\" height=\"220\" src=\"https:\/\/www.biarritzsportsretraite.fr\/wp-content\/uploads\/2023\/04\/BSR-site-Pilate--460x220.jpg\" class=\"attachment-featured-content size-featured-content wp-image-8045\" alt=\"\" \/>\t\t\t\t\t\t\t\t\t\t\t\t\t\t\t<\/div>\n\t\t\t\t<\/div>\n\t\t\t\t<\/div>\n\t\t\t\t\t<\/div>\n\t\t\t\t<\/div>\n\t\t<div class=\"elementor-element elementor-element-d32f452 e-flex e-con-boxed e-con e-parent\" data-id=\"d32f452\" data-element_type=\"container\" data-e-type=\"container\">\n\t\t\t\t\t<div class=\"e-con-inner\">\n\t\t<div class=\"elementor-element elementor-element-9d5a0dc e-con-full e-flex e-con e-child\" data-id=\"9d5a0dc\" data-element_type=\"container\" data-e-type=\"container\">\n\t\t\t\t<div class=\"elementor-element elementor-element-9fd985a elementor-widget elementor-widget-text-editor\" data-id=\"9fd985a\" data-element_type=\"widget\" data-e-type=\"widget\" data-widget_type=\"text-editor.default\">\n\t\t\t\t<div class=\"elementor-widget-container\">\n\t\t\t\t\t\t\t\t\t<h3>La m\u00e9thode Pilates aide \u00e0 la posture et peut contribuer \u00e0 r\u00e9duire les douleurs articulaires. Elle permet \u00e9galement de corriger les d\u00e9s\u00e9quilibres musculaires gr\u00e2ce \u00e0 l\u2019\u00e9ducation physique.<\/h3><h4>Cette discipline permet une approche personnalis\u00e9e, respectueuse et progressive ou chacun peut tirer profit de cette discipline<\/h4><h4 style=\"text-align: center;\">Venez nous rejoindre<\/h4><p><span style=\"color: #ff0000;\">Lundi <\/span><span style=\"color: #ff0000;\">CONFIRMES 10H30-11H30 SALLE BRAOU<\/span><\/p><p>Mercredi DEBUTANTS:12h00-13h00 SALLE KLEBER<\/p><p><span style=\"color: #ff0000;\">Vendredi INTERMEDIAIRES 11H30-12H30 SALLE BRAOU<\/span><\/p><p><strong>Professeur:Karine YSSAMBOURG<\/strong><\/p><h4 style=\"text-align: center;\"><span style=\"color: #003366;\"><strong>R\u00e9f\u00e9rentes :<\/strong><\/span><\/h4><h4 style=\"text-align: center;\"><span style=\"color: #003366;\">D\u00e9butants mercredi: DARRIEUX Edith<\/span><\/h4><h4 style=\"text-align: center;\"><span style=\"color: #003366;\">Interm\u00e9diaires vendredi: HINGANT Didier\u00a0<\/span><\/h4><p><strong>Confirm\u00e9s lundi: SAINT JEAN Marie Christine<\/strong><\/p>\t\t\t\t\t\t\t\t<\/div>\n\t\t\t\t<\/div>\n\t\t\t\t<\/div>\n\t\t\t\t\t<\/div>\n\t\t\t\t<\/div>\n\t\t\t\t<\/div>\n\t\t","protected":false},"excerpt":{"rendered":"<p>La m\u00e9thode Pilates aide \u00e0 la posture et peut contribuer \u00e0 r\u00e9duire les douleurs articulaires. Elle permet \u00e9galement de corriger les d\u00e9s\u00e9quilibres musculaires gr\u00e2ce \u00e0 l\u2019\u00e9ducation physique. Cette discipline permet une approche personnalis\u00e9e, respectueuse et progressive ou chacun peut tirer profit de cette discipline Venez nous rejoindre Lundi CONFIRMES 10H30-11H30 SALLE BRAOU Mercredi DEBUTANTS:12h00-13h00 SALLE KLEBER Vendredi INTERMEDIAIRES 11H30-12H30 SALLE BRAOU Professeur:Karine YSSAMBOURG R\u00e9f\u00e9rentes : D\u00e9butants mercredi: DARRIEUX Edith Interm\u00e9diaires vendredi: HINGANT Didier\u00a0 Confirm\u00e9s lundi: SAINT JEAN Marie Christine<\/p>\n","protected":false},"author":5,"featured_media":0,"parent":0,"menu_order":0,"comment_status":"closed","ping_status":"closed","template":"","meta":{"_acf_changed":false,"_seopress_robots_primary_cat":"","_seopress_titles_title":"","_seopress_titles_desc":"","_seopress_robots_index":"","footnotes":""},"class_list":["post-7494","page","type-page","status-publish","hentry"],"acf":[],"_links":{"self":[{"href":"https:\/\/www.biarritzsportsretraite.fr\/index.php\/wp-json\/wp\/v2\/pages\/7494","targetHints":{"allow":["GET"]}}],"collection":[{"href":"https:\/\/www.biarritzsportsretraite.fr\/index.php\/wp-json\/wp\/v2\/pages"}],"about":[{"href":"https:\/\/www.biarritzsportsretraite.fr\/index.php\/wp-json\/wp\/v2\/types\/page"}],"author":[{"embeddable":true,"href":"https:\/\/www.biarritzsportsretraite.fr\/index.php\/wp-json\/wp\/v2\/users\/5"}],"replies":[{"embeddable":true,"href":"https:\/\/www.biarritzsportsretraite.fr\/index.php\/wp-json\/wp\/v2\/comments?post=7494"}],"version-history":[{"count":29,"href":"https:\/\/www.biarritzsportsretraite.fr\/index.php\/wp-json\/wp\/v2\/pages\/7494\/revisions"}],"predecessor-version":[{"id":11010,"href":"https:\/\/www.biarritzsportsretraite.fr\/index.php\/wp-json\/wp\/v2\/pages\/7494\/revisions\/11010"}],"wp:attachment":[{"href":"https:\/\/www.biarritzsportsretraite.fr\/index.php\/wp-json\/wp\/v2\/media?parent=7494"}],"curies":[{"name":"wp","href":"https:\/\/api.w.org\/{rel}","templated":true}]}}