{"id":5019,"date":"2021-06-10T12:32:52","date_gmt":"2021-06-10T10:32:52","guid":{"rendered":"http:\/\/www.biarritzsportsretraite.fr\/?page_id=5019"},"modified":"2025-08-05T15:28:14","modified_gmt":"2025-08-05T13:28:14","slug":"aquagym-2","status":"publish","type":"page","link":"https:\/\/www.biarritzsportsretraite.fr\/index.php\/aquagym-2\/","title":{"rendered":"Aquagym"},"content":{"rendered":"\t\t<div data-elementor-type=\"wp-page\" data-elementor-id=\"5019\" class=\"elementor elementor-5019\">\n\t\t\t\t<div class=\"elementor-element elementor-element-182d907 e-flex e-con-boxed e-con e-parent\" data-id=\"182d907\" data-element_type=\"container\" data-e-type=\"container\">\n\t\t\t\t\t<div class=\"e-con-inner\">\n\t\t<div class=\"elementor-element elementor-element-bae8679 e-con-full e-flex e-con e-child\" data-id=\"bae8679\" data-element_type=\"container\" data-e-type=\"container\">\n\t\t\t\t<div class=\"elementor-element elementor-element-21b76f0 elementor-widget elementor-widget-image\" data-id=\"21b76f0\" data-element_type=\"widget\" data-e-type=\"widget\" data-widget_type=\"image.default\">\n\t\t\t\t<div class=\"elementor-widget-container\">\n\t\t\t\t\t\t\t\t\t\t\t\t<figure class=\"wp-caption\">\n\t\t\t\t\t\t\t\t\t\t<img decoding=\"async\" src=\"https:\/\/www.biarritzsportsretraite.fr\/wp-content\/uploads\/elementor\/thumbs\/Aquagym-V2-1-scaled-qqx74lk1u73sn358f2y7h16m293zhtyppnay5xmic0.jpg\" title=\"Aquagym V2\" alt=\"Aquagym V2\" loading=\"lazy\" \/>\t\t\t\t\t\t\t\t\t\t\t<figcaption class=\"widget-image-caption wp-caption-text\">BIARRITZ SPORTS RETRAITE<\/figcaption>\n\t\t\t\t\t\t\t\t\t\t<\/figure>\n\t\t\t\t\t\t\t\t\t<\/div>\n\t\t\t\t<\/div>\n\t\t\t\t<\/div>\n\t\t\t\t\t<\/div>\n\t\t\t\t<\/div>\n\t\t<div class=\"elementor-element elementor-element-b3de685 e-flex e-con-boxed e-con e-parent\" data-id=\"b3de685\" data-element_type=\"container\" data-e-type=\"container\">\n\t\t\t\t\t<div class=\"e-con-inner\">\n\t\t<div class=\"elementor-element elementor-element-a23e346 e-con-full e-flex e-con e-child\" data-id=\"a23e346\" data-element_type=\"container\" data-e-type=\"container\">\n\t\t\t\t<div class=\"elementor-element elementor-element-a6b4bf6 elementor-widget elementor-widget-text-editor\" data-id=\"a6b4bf6\" data-element_type=\"widget\" data-e-type=\"widget\" data-widget_type=\"text-editor.default\">\n\t\t\t\t<div class=\"elementor-widget-container\">\n\t\t\t\t\t\t\t\t\t<p style=\"text-align: center;\">FERMETURE DE LA PISCINE POUR TRAVAUX.<\/p>\n<p style=\"text-align: center;\">SELON LA DATE DE REOUVERTURE,NOUS PROPOSERONS EN COURS D&rsquo;ANNEE UNE INSCRIPTION.<\/p><p style=\"text-align: center;\"><br><\/p><p style=\"text-align: center;\"><br><\/p>\n<p style=\"text-align: center;\">&nbsp; &nbsp; <span style=\"color: #223947;\">L\u2019eau, ce fluide de plaisir, offre une sensation de bien-\u00eatre, de l\u00e9g\u00e8ret\u00e9 et permet de faire des efforts&nbsp; \u00ab sans avoir l\u2019air \u00bb, sans danger pour les articulations.<\/span><\/p>\n<p style=\"text-align: center;\"><strong><span style=\"color: #223947;\">Piscine Municipale <\/span><\/strong><span style=\"color: #223947;\"><strong>Emile Lamothe<\/strong> <\/span><\/p>\n<p style=\"text-align: center;\"><span style=\"color: #223947;\">Bd du G\u00e9n\u00e9ral de Gaulle \u00e0 Biarritz.<\/span><\/p>\n<p style=\"text-align: center;\"><span style=\"color: #223947;\">&nbsp;<\/span><\/p>\n<p style=\"text-align: center;\"><span style=\"color: #223947;\"><strong>Professeur<\/strong>: P Lafargue<\/span><\/p>\n<p style=\"text-align: center;\"><span style=\"color: #223947;\">Bonnet de bain obligatoire et port de lunettes fortement recommand\u00e9s.<\/span><\/p>\n<p style=\"text-align: center;\"><span style=\"color: #223947;\"> L\u2019activit\u00e9 est assur\u00e9e par des professionnels en raison de la r\u00e9glementation concernant les piscines et n\u2019a pas lieu durant les vacances scolaires.<br><\/span><\/p>\n<p style=\"text-align: center;\">\n<\/p><p style=\"text-align: center;\"><span style=\"color: #223947;\">&nbsp;&nbsp;&nbsp;&nbsp;<strong>&nbsp;<\/strong><\/span><\/p><p style=\"text-align: center;\"><span style=\"color: #223947;\"><strong><br><\/strong><\/span><\/p>\n<p style=\"text-align: center;\">\n<\/p><p style=\"text-align: center;\">\n<\/p>\t\t\t\t\t\t\t\t<\/div>\n\t\t\t\t<\/div>\n\t\t\t\t<\/div>\n\t\t\t\t\t<\/div>\n\t\t\t\t<\/div>\n\t\t\t\t<\/div>\n\t\t","protected":false},"excerpt":{"rendered":"<p>BIARRITZ SPORTS RETRAITE FERMETURE DE LA PISCINE POUR TRAVAUX. SELON LA DATE DE REOUVERTURE,NOUS PROPOSERONS EN COURS D&rsquo;ANNEE UNE INSCRIPTION. &nbsp; &nbsp; L\u2019eau, ce fluide de plaisir, offre une sensation de bien-\u00eatre, de l\u00e9g\u00e8ret\u00e9 et permet de faire des efforts&nbsp; \u00ab sans avoir l\u2019air \u00bb, sans danger pour les articulations. Piscine Municipale Emile Lamothe Bd du G\u00e9n\u00e9ral de Gaulle \u00e0 Biarritz. &nbsp; Professeur: P Lafargue Bonnet de bain obligatoire et port de lunettes fortement recommand\u00e9s. L\u2019activit\u00e9 est assur\u00e9e par des<\/p>\n","protected":false},"author":5,"featured_media":0,"parent":0,"menu_order":0,"comment_status":"closed","ping_status":"closed","template":"","meta":{"_acf_changed":false,"_seopress_robots_primary_cat":"","_seopress_titles_title":"","_seopress_titles_desc":"","_seopress_robots_index":"","footnotes":""},"class_list":["post-5019","page","type-page","status-publish","hentry"],"acf":[],"_links":{"self":[{"href":"https:\/\/www.biarritzsportsretraite.fr\/index.php\/wp-json\/wp\/v2\/pages\/5019","targetHints":{"allow":["GET"]}}],"collection":[{"href":"https:\/\/www.biarritzsportsretraite.fr\/index.php\/wp-json\/wp\/v2\/pages"}],"about":[{"href":"https:\/\/www.biarritzsportsretraite.fr\/index.php\/wp-json\/wp\/v2\/types\/page"}],"author":[{"embeddable":true,"href":"https:\/\/www.biarritzsportsretraite.fr\/index.php\/wp-json\/wp\/v2\/users\/5"}],"replies":[{"embeddable":true,"href":"https:\/\/www.biarritzsportsretraite.fr\/index.php\/wp-json\/wp\/v2\/comments?post=5019"}],"version-history":[{"count":90,"href":"https:\/\/www.biarritzsportsretraite.fr\/index.php\/wp-json\/wp\/v2\/pages\/5019\/revisions"}],"predecessor-version":[{"id":10672,"href":"https:\/\/www.biarritzsportsretraite.fr\/index.php\/wp-json\/wp\/v2\/pages\/5019\/revisions\/10672"}],"wp:attachment":[{"href":"https:\/\/www.biarritzsportsretraite.fr\/index.php\/wp-json\/wp\/v2\/media?parent=5019"}],"curies":[{"name":"wp","href":"https:\/\/api.w.org\/{rel}","templated":true}]}}