{"id":2046,"date":"2018-01-30T18:16:03","date_gmt":"2018-01-30T17:16:03","guid":{"rendered":"http:\/\/www.biarritzsportsretraite.fr\/?page_id=2046"},"modified":"2024-03-31T15:48:25","modified_gmt":"2024-03-31T13:48:25","slug":"fete-de-bsr","status":"publish","type":"page","link":"https:\/\/www.biarritzsportsretraite.fr\/index.php\/fete-de-bsr\/","title":{"rendered":"F\u00eate BSR 2023"},"content":{"rendered":"\t\t<div data-elementor-type=\"wp-page\" data-elementor-id=\"2046\" class=\"elementor elementor-2046\">\n\t\t\t\t<div class=\"elementor-element elementor-element-e5e8298 e-flex e-con-boxed e-con e-parent\" data-id=\"e5e8298\" data-element_type=\"container\" data-e-type=\"container\">\n\t\t\t\t\t<div class=\"e-con-inner\">\n\t\t<div class=\"elementor-element elementor-element-5577f5a e-con-full e-flex e-con e-child\" data-id=\"5577f5a\" data-element_type=\"container\" data-e-type=\"container\">\n\t\t\t\t<div class=\"elementor-element elementor-element-2fad453 elementor-widget elementor-widget-text-editor\" data-id=\"2fad453\" data-element_type=\"widget\" data-e-type=\"widget\" data-widget_type=\"text-editor.default\">\n\t\t\t\t<div class=\"elementor-widget-container\">\n\t\t\t\t\t\t\t\t\t<p>\u00a0<\/p>\n<ul>\n<li><strong>\u00a0D\u00e9but 2018 , superbe apr\u00e8s-midi festive, pour la f\u00eate de <\/strong><strong>BSR 2018.<\/strong><\/li>\n<li><a href=\"https:\/\/youtu.be\/0zjTEloWeqg\">film<\/a><\/li>\n<\/ul>\n\n\n<p><\/p>\n\t\t\t\t\t\t\t\t<\/div>\n\t\t\t\t<\/div>\n\t\t\t\t<\/div>\n\t\t\t\t\t<\/div>\n\t\t\t\t<\/div>\n\t\t\t\t<\/div>\n\t\t","protected":false},"excerpt":{"rendered":"<p>\u00a0 \u00a0D\u00e9but 2018 , superbe apr\u00e8s-midi festive, pour la f\u00eate de BSR 2018. film<\/p>\n","protected":false},"author":5,"featured_media":0,"parent":0,"menu_order":0,"comment_status":"closed","ping_status":"closed","template":"","meta":{"_acf_changed":false,"_seopress_robots_primary_cat":"","_seopress_titles_title":"","_seopress_titles_desc":"","_seopress_robots_index":"","footnotes":""},"class_list":["post-2046","page","type-page","status-publish","hentry"],"acf":[],"_links":{"self":[{"href":"https:\/\/www.biarritzsportsretraite.fr\/index.php\/wp-json\/wp\/v2\/pages\/2046","targetHints":{"allow":["GET"]}}],"collection":[{"href":"https:\/\/www.biarritzsportsretraite.fr\/index.php\/wp-json\/wp\/v2\/pages"}],"about":[{"href":"https:\/\/www.biarritzsportsretraite.fr\/index.php\/wp-json\/wp\/v2\/types\/page"}],"author":[{"embeddable":true,"href":"https:\/\/www.biarritzsportsretraite.fr\/index.php\/wp-json\/wp\/v2\/users\/5"}],"replies":[{"embeddable":true,"href":"https:\/\/www.biarritzsportsretraite.fr\/index.php\/wp-json\/wp\/v2\/comments?post=2046"}],"version-history":[{"count":19,"href":"https:\/\/www.biarritzsportsretraite.fr\/index.php\/wp-json\/wp\/v2\/pages\/2046\/revisions"}],"predecessor-version":[{"id":4857,"href":"https:\/\/www.biarritzsportsretraite.fr\/index.php\/wp-json\/wp\/v2\/pages\/2046\/revisions\/4857"}],"wp:attachment":[{"href":"https:\/\/www.biarritzsportsretraite.fr\/index.php\/wp-json\/wp\/v2\/media?parent=2046"}],"curies":[{"name":"wp","href":"https:\/\/api.w.org\/{rel}","templated":true}]}}