{"id":1310,"date":"2017-09-06T10:57:19","date_gmt":"2017-09-06T08:57:19","guid":{"rendered":"http:\/\/www.biarritzsportsretraite.fr\/?page_id=1310"},"modified":"2025-09-05T18:02:25","modified_gmt":"2025-09-05T16:02:25","slug":"adhesion","status":"publish","type":"page","link":"https:\/\/www.biarritzsportsretraite.fr\/index.php\/adhesion\/","title":{"rendered":"Adh\u00e9sion"},"content":{"rendered":"\t\t<div data-elementor-type=\"wp-page\" data-elementor-id=\"1310\" class=\"elementor elementor-1310\">\n\t\t\t\t\t\t<section class=\"elementor-section elementor-top-section elementor-element elementor-element-14c08089 elementor-section-boxed elementor-section-height-default elementor-section-height-default\" data-id=\"14c08089\" data-element_type=\"section\" data-e-type=\"section\">\n\t\t\t\t\t\t<div class=\"elementor-container elementor-column-gap-default\">\n\t\t\t\t\t<div class=\"elementor-column elementor-col-100 elementor-top-column elementor-element elementor-element-26c98d92\" data-id=\"26c98d92\" data-element_type=\"column\" data-e-type=\"column\">\n\t\t\t<div class=\"elementor-widget-wrap elementor-element-populated\">\n\t\t\t\t\t\t<div class=\"elementor-element elementor-element-88144e3 elementor-widget elementor-widget-text-editor\" data-id=\"88144e3\" data-element_type=\"widget\" data-e-type=\"widget\" data-widget_type=\"text-editor.default\">\n\t\t\t\t<div class=\"elementor-widget-container\">\n\t\t\t\t\t\t\t\t\t<h4 style=\"text-align: center;\"><span style=\"color: #000000;\"><span style=\"color: #223947;\">\u00a0Adh\u00e9sions <span style=\"color: #db1616;\">2025 \/2026<\/span><\/span><\/span><\/h4>\t\t\t\t\t\t\t\t<\/div>\n\t\t\t\t<\/div>\n\t\t\t\t<div class=\"elementor-element elementor-element-0fc7911 elementor-widget elementor-widget-text-editor\" data-id=\"0fc7911\" data-element_type=\"widget\" data-e-type=\"widget\" data-widget_type=\"text-editor.default\">\n\t\t\t\t<div class=\"elementor-widget-container\">\n\t\t\t\t\t\t\t\t\t<h4 style=\"text-align: center;\"><span style=\"color: #000000;\"><span style=\"color: #223947;\"><span style=\"color: #db1616;\">Inscriptions anciens membres :<\/span><\/span><\/span><\/h4>\n<h4 style=\"text-align: center;\"><span style=\"color: #000000;\"><span style=\"color: #223947;\"><span style=\"color: #db1616;\">Du Lundi 1 er septembre 8h00 au jeudi 4 septembre 18h00<\/span><\/span><\/span><\/h4>\n<h4 style=\"text-align: center;\"><span style=\"color: #000000;\"><span style=\"color: #223947;\"><span style=\"color: #db1616;\">Inscription en ligne via le lien envoy\u00e9\u00a0 aux anciens membres avec la messagerie Assoconnect.<\/span><\/span><\/span><\/h4>\n<h4 style=\"text-align: center;\">Des permanences sont assur\u00e9es <br \/>du Lundi 1er au Jeudi\u00a0 4 sept de 9h \u00e0 12h et de 14h \u00e0 17h.<br \/>Bureau de BSR, Maison des Associations.<\/h4>\t\t\t\t\t\t\t\t<\/div>\n\t\t\t\t<\/div>\n\t\t\t\t<div class=\"elementor-element elementor-element-118476b elementor-widget elementor-widget-text-editor\" data-id=\"118476b\" data-element_type=\"widget\" data-e-type=\"widget\" data-widget_type=\"text-editor.default\">\n\t\t\t\t<div class=\"elementor-widget-container\">\n\t\t\t\t\t\t\t\t\t<h4><span style=\"color: #ff0000;\"><strong>Inscriptions nouveaux et anciens membres:<\/strong><\/span><\/h4>\n<h4><span style=\"color: #ff0000;\"><strong>Inscription sur le site de BSR\u00a0<\/strong><strong>via un lien ouvert le lundi 8 septembre 8h00 ou pour les anciens lien envoy\u00e9 par la messagerie Assoconnect.<\/strong><\/span><\/h4>\n<h4><strong>Permanences du Lundi 8 au mercredi 10 septembre de 9h \u00e012h et 14h \u00e0 17h puis tous les mercredis de 14h \u00e0 16h jusqu&rsquo;au 15 octobre <\/strong><\/h4>\t\t\t\t\t\t\t\t<\/div>\n\t\t\t\t<\/div>\n\t\t\t\t<div class=\"elementor-element elementor-element-37de68f elementor-align-center elementor-widget elementor-widget-button\" data-id=\"37de68f\" data-element_type=\"widget\" data-e-type=\"widget\" data-widget_type=\"button.default\">\n\t\t\t\t<div class=\"elementor-widget-container\">\n\t\t\t\t\t\t\t\t\t<div class=\"elementor-button-wrapper\">\n\t\t\t\t\t<a class=\"elementor-button elementor-button-link elementor-size-sm\" href=\"https:\/\/www.as.biarritzsportsretraite.fr\/collect\/description\/595654-b-adhesion-annuelle-bsr-2025-2026\">\n\t\t\t\t\t\t<span class=\"elementor-button-content-wrapper\">\n\t\t\t\t\t\t\t\t\t<span class=\"elementor-button-text\">Inscriptions 2025 - 2026<\/span>\n\t\t\t\t\t<\/span>\n\t\t\t\t\t<\/a>\n\t\t\t\t<\/div>\n\t\t\t\t\t\t\t\t<\/div>\n\t\t\t\t<\/div>\n\t\t\t\t<div class=\"elementor-element elementor-element-1ac9d4dc elementor-widget elementor-widget-text-editor\" data-id=\"1ac9d4dc\" data-element_type=\"widget\" data-e-type=\"widget\" data-widget_type=\"text-editor.default\">\n\t\t\t\t<div class=\"elementor-widget-container\">\n\t\t\t\t\t\t\t\t\t<div>\n<p><\/p>\n<div class=\"is-layout-flow wp-block-column-is-layout-flow\" style=\"flex-basis: 100%;\">\n<p><\/p>\n<p><span style=\"font-weight: bold; font-size: 1.5em;\">\u00a0<\/span><\/p>\n<h3 style=\"text-align: center;\"><a href=\"https:\/\/www.biarritzsportsretraite.fr\/wp-content\/uploads\/2025\/08\/Horaires-Lieux-et-tarifs-des-activites-2025-2026-.pdf\"><span style=\"color: #db1616;\">Fiche Tarifs 2025\/2026<\/span><\/a><\/h3>\n<div>\n<h3 style=\"font-style: normal; font-variant-ligatures: normal; font-variant-caps: normal; font-family: 'Open Sans', sans-serif; text-align: center;\"><span style=\"color: #ff0000;\"><a style=\"color: #ff0000;\" href=\"https:\/\/www.biarritzsportsretraite.fr\/index.php\/daterepriseactivites\/\">Date de d\u00e9but des activit\u00e9s<\/a><\/span><\/h3>\n<div>\n<h3 style=\"font-style: normal; font-variant-ligatures: normal; font-variant-caps: normal; font-family: 'Open Sans', sans-serif; text-align: center;\"><a href=\"https:\/\/www.biarritzsportsretraite.fr\/wp-content\/uploads\/2024\/07\/Planning-activites-2024-2025.pdf\">Planning\u00a0des activit\u00e9s<\/a><\/h3>\n<\/div>\n<\/div>\n<h3 style=\"text-align: center;\"><span style=\"color: #ff0000;\"><a style=\"color: #ff0000;\" href=\"https:\/\/www.biarritzsportsretraite.fr\/wp-content\/uploads\/2024\/08\/Cert-med-FFR-autres-activites-24-25.pdf\">Certificat de\u00a0 non contre indication \u00e0 la pratique du sport.<\/a> *<\/span><\/h3>\n<h3 style=\"text-align: center;\"><span style=\"color: #223947;\"><span style=\"color: #223947;\"><span style=\"color: #223947;\"><a href=\"https:\/\/www.biarritzsportsretraite.fr\/wp-content\/uploads\/2025\/05\/Reglement-Interieur-Mise-a-jour-Avril-2025.pdf\" target=\"_blank\" rel=\"noopener\"><span style=\"color: #223947;\">R\u00e8glement Int\u00e9rieur<\/span><\/a>\u00a0<\/span><\/span><\/span><\/h3>\n<h3 style=\"text-align: center;\"><a href=\"https:\/\/www.biarritzsportsretraite.fr\/wp-content\/uploads\/2023\/11\/Charte-de-lAdherent.pdf\"><span style=\"color: #223947;\">Charte de l&rsquo;adh\u00e9rent<\/span><\/a><\/h3>\n<p>\u00a0<\/p>\n<h4 style=\"text-align: center;\"><span style=\"color: #223947;\">\u00a0 \u00a0 \u00a0\u00a0<span style=\"color: #db1616;\"> *<\/span> Votre inscription ne sera effective, qu&rsquo;avec un dossier \u00ab\u00a0complet\u00a0\u00bb,<br \/><\/span><span style=\"color: #223947;\">\u00a0 \u00a0 \u00a0 \u00a0 comprenant tous les documents n\u00e9cessaires :certificat m\u00e9dical pour les nouveaux\u00a0 et auto-questionnaire pour les anciens pratiquant randonn\u00e9e ou marches(licence FFRp)<\/span><\/h4>\n<h4 style=\"text-align: center;\"><span style=\"color: #223947;\">.<\/span><\/h4>\n<p><\/p>\n<p><\/p>\n<\/div>\n<p>\u00a0\u00ab\u00a0<\/p>\n<\/div>\n<p><!-- \/wp:columns --><\/p>\t\t\t\t\t\t\t\t<\/div>\n\t\t\t\t<\/div>\n\t\t\t\t\t<\/div>\n\t\t<\/div>\n\t\t\t\t\t<\/div>\n\t\t<\/section>\n\t\t\t\t<\/div>\n\t\t","protected":false},"excerpt":{"rendered":"<p>\u00a0Adh\u00e9sions 2025 \/2026 Inscriptions anciens membres : Du Lundi 1 er septembre 8h00 au jeudi 4 septembre 18h00 Inscription en ligne via le lien envoy\u00e9\u00a0 aux anciens membres avec la messagerie Assoconnect. Des permanences sont assur\u00e9es du Lundi 1er au Jeudi\u00a0 4 sept de 9h \u00e0 12h et de 14h \u00e0 17h.Bureau de BSR, Maison des Associations. Inscriptions nouveaux et anciens membres: Inscription sur le site de BSR\u00a0via un lien ouvert le lundi 8 septembre 8h00 ou pour les anciens<\/p>\n","protected":false},"author":5,"featured_media":0,"parent":0,"menu_order":0,"comment_status":"closed","ping_status":"closed","template":"","meta":{"_acf_changed":false,"_seopress_robots_primary_cat":"","_seopress_titles_title":"","_seopress_titles_desc":"","_seopress_robots_index":"","footnotes":""},"class_list":["post-1310","page","type-page","status-publish","hentry"],"acf":[],"_links":{"self":[{"href":"https:\/\/www.biarritzsportsretraite.fr\/index.php\/wp-json\/wp\/v2\/pages\/1310","targetHints":{"allow":["GET"]}}],"collection":[{"href":"https:\/\/www.biarritzsportsretraite.fr\/index.php\/wp-json\/wp\/v2\/pages"}],"about":[{"href":"https:\/\/www.biarritzsportsretraite.fr\/index.php\/wp-json\/wp\/v2\/types\/page"}],"author":[{"embeddable":true,"href":"https:\/\/www.biarritzsportsretraite.fr\/index.php\/wp-json\/wp\/v2\/users\/5"}],"replies":[{"embeddable":true,"href":"https:\/\/www.biarritzsportsretraite.fr\/index.php\/wp-json\/wp\/v2\/comments?post=1310"}],"version-history":[{"count":375,"href":"https:\/\/www.biarritzsportsretraite.fr\/index.php\/wp-json\/wp\/v2\/pages\/1310\/revisions"}],"predecessor-version":[{"id":10891,"href":"https:\/\/www.biarritzsportsretraite.fr\/index.php\/wp-json\/wp\/v2\/pages\/1310\/revisions\/10891"}],"wp:attachment":[{"href":"https:\/\/www.biarritzsportsretraite.fr\/index.php\/wp-json\/wp\/v2\/media?parent=1310"}],"curies":[{"name":"wp","href":"https:\/\/api.w.org\/{rel}","templated":true}]}}