{"id":1111,"date":"2017-08-23T15:58:07","date_gmt":"2017-08-23T13:58:07","guid":{"rendered":"http:\/\/www.biarritzsportsretraite.fr\/?page_id=1111"},"modified":"2025-10-13T18:32:51","modified_gmt":"2025-10-13T16:32:51","slug":"qi-gong","status":"publish","type":"page","link":"https:\/\/www.biarritzsportsretraite.fr\/index.php\/qi-gong\/","title":{"rendered":"Qi Gong"},"content":{"rendered":"\t\t<div data-elementor-type=\"wp-page\" data-elementor-id=\"1111\" class=\"elementor elementor-1111\">\n\t\t\t\t<div class=\"elementor-element elementor-element-6bf0091 e-flex e-con-boxed e-con e-parent\" data-id=\"6bf0091\" data-element_type=\"container\" data-e-type=\"container\">\n\t\t\t\t\t<div class=\"e-con-inner\">\n\t\t<div class=\"elementor-element elementor-element-52a91a2 e-con-full e-flex e-con e-child\" data-id=\"52a91a2\" data-element_type=\"container\" data-e-type=\"container\">\n\t\t\t\t<div class=\"elementor-element elementor-element-482888e elementor-widget elementor-widget-image\" data-id=\"482888e\" data-element_type=\"widget\" data-e-type=\"widget\" data-widget_type=\"image.default\">\n\t\t\t\t<div class=\"elementor-widget-container\">\n\t\t\t\t\t\t\t\t\t\t\t\t<figure class=\"wp-caption\">\n\t\t\t\t\t\t\t\t\t\t<img fetchpriority=\"high\" decoding=\"async\" width=\"460\" height=\"220\" src=\"https:\/\/www.biarritzsportsretraite.fr\/wp-content\/uploads\/2023\/04\/BSR-site-Gi-Gong-1-460x220.jpg\" class=\"attachment-themezee-related-posts size-themezee-related-posts wp-image-8048\" alt=\"\" \/>\t\t\t\t\t\t\t\t\t\t\t<figcaption class=\"widget-image-caption wp-caption-text\">BIARRITZ SPORTS RETRAITE<\/figcaption>\n\t\t\t\t\t\t\t\t\t\t<\/figure>\n\t\t\t\t\t\t\t\t\t<\/div>\n\t\t\t\t<\/div>\n\t\t\t\t<\/div>\n\t\t\t\t\t<\/div>\n\t\t\t\t<\/div>\n\t\t<div class=\"elementor-element elementor-element-cc1651a e-flex e-con-boxed e-con e-parent\" data-id=\"cc1651a\" data-element_type=\"container\" data-e-type=\"container\">\n\t\t\t\t\t<div class=\"e-con-inner\">\n\t\t<div class=\"elementor-element elementor-element-f4c100e e-con-full e-flex e-con e-child\" data-id=\"f4c100e\" data-element_type=\"container\" data-e-type=\"container\">\n\t\t\t\t<div class=\"elementor-element elementor-element-2b07be2 elementor-widget elementor-widget-text-editor\" data-id=\"2b07be2\" data-element_type=\"widget\" data-e-type=\"widget\" data-widget_type=\"text-editor.default\">\n\t\t\t\t<div class=\"elementor-widget-container\">\n\t\t\t\t\t\t\t\t\t<div class=\"wp-block-image\">\n<p style=\"text-align: center;\"><span style=\"color: #223947;\">Le Qi-Gong est une gymnastique douce fond\u00e9e sur la m\u00e9decine traditionnelle chinoise.<\/span><\/p>\n<p style=\"text-align: center;\"><span style=\"color: #223947;\">Les mouvements sont doux, amples et souples bas\u00e9s sur la lenteur. Ils font appel \u00e0 l\u2019\u00e9quilibre et sont associ\u00e9s \u00e0 un important travail de la respiration,\u00a0 de la concentration et de la visualisation.<\/span><\/p>\n<p style=\"text-align: center;\"><span style=\"color: #223947;\">Cette discipline mill\u00e9naire a pour but de fortifier la sant\u00e9 d\u2019une mani\u00e8re douce, globale ( physique et psychique)\u00a0 en faisant circuler l\u2019\u00e9nergie vitale de fa\u00e7on harmonieuse.<\/span><\/p>\n<p>\u00a0<\/p>\n<p style=\"text-align: center;\"><span style=\"color: #223947;\"><strong>Professeur : <\/strong>Pascale Pontani<\/span><\/p>\n<p style=\"text-align: center;\"><span style=\"color: #223947;\"><strong> Salle du Braou <\/strong><\/span><\/p>\n<p style=\"text-align: center;\"><strong><span style=\"color: #223947;\">\u00a0Mardi :<\/span> <span style=\"color: #db1616;\">14h30 &#8211; 15h30<\/span><\/strong><\/p>\n<p style=\"text-align: center;\"><strong><span style=\"color: #223947;\">\u00a0Vendredi :<\/span>\u00a0<span style=\"color: #db1616;\">9h &#8211; 10h\u00a0<\/span><\/strong><\/p>\n<p style=\"text-align: center;\"><strong>R\u00e9f\u00e9rentes :<\/strong><\/p>\n<p style=\"text-align: center;\"><strong>Mardi : JOGUET Dani\u00e8le<\/strong><strong><br \/><\/strong><\/p>\n<\/div>\n<p><!-- \/wp:image --><\/p>\n<p style=\"text-align: center;\"><strong>Vendredi : PEDAUGEZ Dani\u00e8le<\/strong><strong><br \/><\/strong><\/p>\n<p><!-- wp:paragraph --><\/p>\n<p><!-- \/wp:paragraph --><\/p>\t\t\t\t\t\t\t\t<\/div>\n\t\t\t\t<\/div>\n\t\t\t\t<\/div>\n\t\t\t\t\t<\/div>\n\t\t\t\t<\/div>\n\t\t\t\t<\/div>\n\t\t","protected":false},"excerpt":{"rendered":"<p>BIARRITZ SPORTS RETRAITE Le Qi-Gong est une gymnastique douce fond\u00e9e sur la m\u00e9decine traditionnelle chinoise. Les mouvements sont doux, amples et souples bas\u00e9s sur la lenteur. Ils font appel \u00e0 l\u2019\u00e9quilibre et sont associ\u00e9s \u00e0 un important travail de la respiration,\u00a0 de la concentration et de la visualisation. Cette discipline mill\u00e9naire a pour but de fortifier la sant\u00e9 d\u2019une mani\u00e8re douce, globale ( physique et psychique)\u00a0 en faisant circuler l\u2019\u00e9nergie vitale de fa\u00e7on harmonieuse. \u00a0 Professeur : Pascale Pontani Salle<\/p>\n","protected":false},"author":5,"featured_media":0,"parent":0,"menu_order":0,"comment_status":"closed","ping_status":"closed","template":"","meta":{"_acf_changed":false,"_seopress_robots_primary_cat":"","_seopress_titles_title":"","_seopress_titles_desc":"","_seopress_robots_index":"","footnotes":""},"class_list":["post-1111","page","type-page","status-publish","hentry"],"acf":[],"_links":{"self":[{"href":"https:\/\/www.biarritzsportsretraite.fr\/index.php\/wp-json\/wp\/v2\/pages\/1111","targetHints":{"allow":["GET"]}}],"collection":[{"href":"https:\/\/www.biarritzsportsretraite.fr\/index.php\/wp-json\/wp\/v2\/pages"}],"about":[{"href":"https:\/\/www.biarritzsportsretraite.fr\/index.php\/wp-json\/wp\/v2\/types\/page"}],"author":[{"embeddable":true,"href":"https:\/\/www.biarritzsportsretraite.fr\/index.php\/wp-json\/wp\/v2\/users\/5"}],"replies":[{"embeddable":true,"href":"https:\/\/www.biarritzsportsretraite.fr\/index.php\/wp-json\/wp\/v2\/comments?post=1111"}],"version-history":[{"count":66,"href":"https:\/\/www.biarritzsportsretraite.fr\/index.php\/wp-json\/wp\/v2\/pages\/1111\/revisions"}],"predecessor-version":[{"id":11004,"href":"https:\/\/www.biarritzsportsretraite.fr\/index.php\/wp-json\/wp\/v2\/pages\/1111\/revisions\/11004"}],"wp:attachment":[{"href":"https:\/\/www.biarritzsportsretraite.fr\/index.php\/wp-json\/wp\/v2\/media?parent=1111"}],"curies":[{"name":"wp","href":"https:\/\/api.w.org\/{rel}","templated":true}]}}