{"id":1098,"date":"2017-08-23T15:48:30","date_gmt":"2017-08-23T13:48:30","guid":{"rendered":"http:\/\/www.biarritzsportsretraite.fr\/?page_id=1098"},"modified":"2025-10-13T18:24:50","modified_gmt":"2025-10-13T16:24:50","slug":"gymnastique-dentretien","status":"publish","type":"page","link":"https:\/\/www.biarritzsportsretraite.fr\/index.php\/gymnastique-dentretien\/","title":{"rendered":"Gymnastique d&rsquo;Entretien"},"content":{"rendered":"\t\t<div data-elementor-type=\"wp-page\" data-elementor-id=\"1098\" class=\"elementor elementor-1098\">\n\t\t\t\t<div class=\"elementor-element elementor-element-205e735 e-flex e-con-boxed e-con e-parent\" data-id=\"205e735\" data-element_type=\"container\" data-e-type=\"container\">\n\t\t\t\t\t<div class=\"e-con-inner\">\n\t\t<div class=\"elementor-element elementor-element-7a2752f e-con-full e-flex e-con e-child\" data-id=\"7a2752f\" data-element_type=\"container\" data-e-type=\"container\">\n\t\t\t\t<div class=\"elementor-element elementor-element-4f2c882 elementor-widget elementor-widget-image\" data-id=\"4f2c882\" data-element_type=\"widget\" data-e-type=\"widget\" data-widget_type=\"image.default\">\n\t\t\t\t<div class=\"elementor-widget-container\">\n\t\t\t\t\t\t\t\t\t\t\t\t<figure class=\"wp-caption\">\n\t\t\t\t\t\t\t\t\t\t<img fetchpriority=\"high\" decoding=\"async\" width=\"300\" height=\"214\" src=\"https:\/\/www.biarritzsportsretraite.fr\/wp-content\/uploads\/2021\/05\/Gymnastique-dEntretien2-300x214.jpg\" class=\"attachment-medium size-medium wp-image-4597\" alt=\"\" srcset=\"https:\/\/www.biarritzsportsretraite.fr\/wp-content\/uploads\/2021\/05\/Gymnastique-dEntretien2-300x214.jpg 300w, https:\/\/www.biarritzsportsretraite.fr\/wp-content\/uploads\/2021\/05\/Gymnastique-dEntretien2.jpg 627w\" sizes=\"(max-width: 300px) 100vw, 300px\" \/>\t\t\t\t\t\t\t\t\t\t\t<figcaption class=\"widget-image-caption wp-caption-text\">BIARRITZ SPORTS RETRAITE<\/figcaption>\n\t\t\t\t\t\t\t\t\t\t<\/figure>\n\t\t\t\t\t\t\t\t\t<\/div>\n\t\t\t\t<\/div>\n\t\t\t\t<\/div>\n\t\t\t\t\t<\/div>\n\t\t\t\t<\/div>\n\t\t<div class=\"elementor-element elementor-element-2b4b4a3 e-flex e-con-boxed e-con e-parent\" data-id=\"2b4b4a3\" data-element_type=\"container\" data-e-type=\"container\">\n\t\t\t\t\t<div class=\"e-con-inner\">\n\t\t<div class=\"elementor-element elementor-element-59109c7 e-con-full e-flex e-con e-child\" data-id=\"59109c7\" data-element_type=\"container\" data-e-type=\"container\">\n\t\t\t\t<div class=\"elementor-element elementor-element-a0d785a elementor-widget elementor-widget-text-editor\" data-id=\"a0d785a\" data-element_type=\"widget\" data-e-type=\"widget\" data-widget_type=\"text-editor.default\">\n\t\t\t\t<div class=\"elementor-widget-container\">\n\t\t\t\t\t\t\t\t\t<div style=\"text-align: center;\">\u00a0<span style=\"color: #223947;\">La gymnastique d&rsquo;entretien contribue \u00e0 l&rsquo;am\u00e9lioration de la coordination,<br \/>de l&rsquo;\u00e9quilibre et de la souplesse.<\/span><\/div><p style=\"text-align: center;\"><span style=\"color: #223947;\">Elle permet de sauvegarder son patrimoine musculaire, de pr\u00e9venir les douleurs articulaires et de garder la forme et la silhouette au cours d&rsquo;une pratique collective tellement plus stimulante<strong>.<\/strong><\/span><\/p><p style=\"text-align: center;\"><span style=\"color: #223947;\"><strong> Mat\u00e9riel : <\/strong>tapis<\/span><\/p><p style=\"text-align: center;\"><span style=\"color: #223947;\"> <strong>Professeur<\/strong> : Karine Yssambourg<\/span><\/p><p style=\"text-align: center;\"><span style=\"color: #223947;\"><strong>\u00a0 Lundi : <span style=\"color: #db1616;\">9h15 &#8211; 10h15 groupe 1 Salle du BRAOU<\/span><\/strong><\/span><\/p><p style=\"text-align: center;\"><span style=\"color: #223947;\"><strong><span style=\"color: #db1616;\"><span style=\"color: #223947;\">Vendredi : <span style=\"color: #db1616;\">9h00 &#8211; 10h00\u00a0 groupe 2 SALLE KLEBER<\/span><\/span><\/span><\/strong><\/span><\/p><p style=\"text-align: center;\"><span style=\"color: #223947;\"><strong><span style=\"color: #db1616;\"><span style=\"color: #223947;\"><span style=\"color: #db1616;\"> <span style=\"color: #223947;\">R\u00e9f\u00e9rentes:<\/span><\/span><\/span><\/span><\/strong><\/span><\/p><p>Lundi ARRAMBIDE Patricia<\/p><p>Vendredi BOURREZ Elena<\/p><p style=\"text-align: center;\"><span style=\"color: #223947;\"><strong>\u00a0<\/strong><\/span><\/p><p><strong>\u00a0<\/strong><\/p><table style=\"height: 5px;\" width=\"1536\"><tbody><tr><td>\u00a0<\/td><\/tr><\/tbody><\/table>\t\t\t\t\t\t\t\t<\/div>\n\t\t\t\t<\/div>\n\t\t\t\t<\/div>\n\t\t\t\t\t<\/div>\n\t\t\t\t<\/div>\n\t\t\t\t<\/div>\n\t\t","protected":false},"excerpt":{"rendered":"<p>BIARRITZ SPORTS RETRAITE \u00a0La gymnastique d&rsquo;entretien contribue \u00e0 l&rsquo;am\u00e9lioration de la coordination,de l&rsquo;\u00e9quilibre et de la souplesse. Elle permet de sauvegarder son patrimoine musculaire, de pr\u00e9venir les douleurs articulaires et de garder la forme et la silhouette au cours d&rsquo;une pratique collective tellement plus stimulante. Mat\u00e9riel : tapis Professeur : Karine Yssambourg \u00a0 Lundi : 9h15 &#8211; 10h15 groupe 1 Salle du BRAOU Vendredi : 9h00 &#8211; 10h00\u00a0 groupe 2 SALLE KLEBER R\u00e9f\u00e9rentes: Lundi ARRAMBIDE Patricia Vendredi BOURREZ Elena \u00a0<\/p>\n","protected":false},"author":5,"featured_media":0,"parent":0,"menu_order":0,"comment_status":"closed","ping_status":"closed","template":"","meta":{"_acf_changed":false,"_seopress_robots_primary_cat":"","_seopress_titles_title":"","_seopress_titles_desc":"","_seopress_robots_index":"","footnotes":""},"class_list":["post-1098","page","type-page","status-publish","hentry"],"acf":[],"_links":{"self":[{"href":"https:\/\/www.biarritzsportsretraite.fr\/index.php\/wp-json\/wp\/v2\/pages\/1098","targetHints":{"allow":["GET"]}}],"collection":[{"href":"https:\/\/www.biarritzsportsretraite.fr\/index.php\/wp-json\/wp\/v2\/pages"}],"about":[{"href":"https:\/\/www.biarritzsportsretraite.fr\/index.php\/wp-json\/wp\/v2\/types\/page"}],"author":[{"embeddable":true,"href":"https:\/\/www.biarritzsportsretraite.fr\/index.php\/wp-json\/wp\/v2\/users\/5"}],"replies":[{"embeddable":true,"href":"https:\/\/www.biarritzsportsretraite.fr\/index.php\/wp-json\/wp\/v2\/comments?post=1098"}],"version-history":[{"count":81,"href":"https:\/\/www.biarritzsportsretraite.fr\/index.php\/wp-json\/wp\/v2\/pages\/1098\/revisions"}],"predecessor-version":[{"id":10992,"href":"https:\/\/www.biarritzsportsretraite.fr\/index.php\/wp-json\/wp\/v2\/pages\/1098\/revisions\/10992"}],"wp:attachment":[{"href":"https:\/\/www.biarritzsportsretraite.fr\/index.php\/wp-json\/wp\/v2\/media?parent=1098"}],"curies":[{"name":"wp","href":"https:\/\/api.w.org\/{rel}","templated":true}]}}