{"id":1095,"date":"2017-08-23T15:46:51","date_gmt":"2017-08-23T13:46:51","guid":{"rendered":"http:\/\/www.biarritzsportsretraite.fr\/?page_id=1095"},"modified":"2025-11-08T15:11:27","modified_gmt":"2025-11-08T14:11:27","slug":"golf","status":"publish","type":"page","link":"https:\/\/www.biarritzsportsretraite.fr\/index.php\/golf\/","title":{"rendered":"Golf"},"content":{"rendered":"\t\t<div data-elementor-type=\"wp-page\" data-elementor-id=\"1095\" class=\"elementor elementor-1095\">\n\t\t\t\t<div class=\"elementor-element elementor-element-c788e97 e-flex e-con-boxed e-con e-parent\" data-id=\"c788e97\" data-element_type=\"container\" data-e-type=\"container\">\n\t\t\t\t\t<div class=\"e-con-inner\">\n\t\t<div class=\"elementor-element elementor-element-d919543 e-con-full e-flex e-con e-child\" data-id=\"d919543\" data-element_type=\"container\" data-e-type=\"container\">\n\t\t\t\t<div class=\"elementor-element elementor-element-0a026a2 elementor-widget elementor-widget-image\" data-id=\"0a026a2\" data-element_type=\"widget\" data-e-type=\"widget\" data-widget_type=\"image.default\">\n\t\t\t\t<div class=\"elementor-widget-container\">\n\t\t\t\t\t\t\t\t\t\t\t\t<figure class=\"wp-caption\">\n\t\t\t\t\t\t\t\t\t\t<img fetchpriority=\"high\" decoding=\"async\" width=\"300\" height=\"179\" src=\"https:\/\/www.biarritzsportsretraite.fr\/wp-content\/uploads\/2023\/04\/BSR-site-Golf-300x179.jpg\" class=\"attachment-medium size-medium wp-image-8049\" alt=\"\" srcset=\"https:\/\/www.biarritzsportsretraite.fr\/wp-content\/uploads\/2023\/04\/BSR-site-Golf-300x179.jpg 300w, https:\/\/www.biarritzsportsretraite.fr\/wp-content\/uploads\/2023\/04\/BSR-site-Golf-1024x612.jpg 1024w, https:\/\/www.biarritzsportsretraite.fr\/wp-content\/uploads\/2023\/04\/BSR-site-Golf-768x459.jpg 768w, https:\/\/www.biarritzsportsretraite.fr\/wp-content\/uploads\/2023\/04\/BSR-site-Golf.jpg 1172w\" sizes=\"(max-width: 300px) 100vw, 300px\" \/>\t\t\t\t\t\t\t\t\t\t\t<figcaption class=\"widget-image-caption wp-caption-text\">BIARRITZ SPORTS RETRAITE<\/figcaption>\n\t\t\t\t\t\t\t\t\t\t<\/figure>\n\t\t\t\t\t\t\t\t\t<\/div>\n\t\t\t\t<\/div>\n\t\t\t\t<\/div>\n\t\t\t\t\t<\/div>\n\t\t\t\t<\/div>\n\t\t<div class=\"elementor-element elementor-element-047e6da e-flex e-con-boxed e-con e-parent\" data-id=\"047e6da\" data-element_type=\"container\" data-e-type=\"container\">\n\t\t\t\t\t<div class=\"e-con-inner\">\n\t\t<div class=\"elementor-element elementor-element-8436811 e-con-full e-flex e-con e-child\" data-id=\"8436811\" data-element_type=\"container\" data-e-type=\"container\">\n\t\t\t\t<div class=\"elementor-element elementor-element-e2bda8c elementor-widget elementor-widget-text-editor\" data-id=\"e2bda8c\" data-element_type=\"widget\" data-e-type=\"widget\" data-widget_type=\"text-editor.default\">\n\t\t\t\t<div class=\"elementor-widget-container\">\n\t\t\t\t\t\t\t\t\t<p style=\"text-align: center;\"><span style=\"color: #223947;\"><strong>\u00ab\u00a0<\/strong> Le golf est une agr\u00e9able promenade, g\u00e2ch\u00e9e par une petite balle blanche\u00a0\u00bb disait Mark Twain<\/span><\/p><p style=\"text-align: center;\"><span style=\"color: #223947;\">Mais d\u00e9couvrir ce sport, c&rsquo;est d\u00e9velopper son adresse, sa concentration, sa coordination dans un cadre somptueux et une ambiance amicale.<\/span><\/p><p style=\"text-align: center;\"><span style=\"color: #ff0000;\"><strong><span style=\"color: #000000;\"><span style=\"color: #223947;\">Golf d&rsquo;Ilbarritz<\/span>\u00a0<\/span><br \/><\/strong><\/span><span style=\"color: #223947;\"><strong>1 avenue du Ch\u00e2teau \u00e0 Bidart<\/strong><\/span><\/p><p style=\"text-align: center;\"><span style=\"color: #223947;\"><strong>Professeur<\/strong> :<\/span>\u00a0 <span style=\"color: #223947;\">Didier Jenaste<\/span><\/p><p style=\"color: #222222; font-family: arial, helvetica, sans-serif; font-size: 16px; font-style: normal; font-variant-ligatures: normal; font-variant-caps: normal; font-weight: 400;\"><strong>\u00a0 \u00a0 \u00a0 \u00a0 \u00a0 \u00a0 \u00a0 \u00a0 \u00a0 \u00a0 \u00a0 \u00a0 \u00a0 \u00a0 \u00a0 \u00a0 Initiation Mardi :\u00a0<span style=\"color: #fb3f22;\">9h00 \u2013 10h00 &#8211; cours hebdomadaires<\/span><\/strong><\/p><p style=\"color: #222222; font-family: arial, helvetica, sans-serif; font-size: 16px; font-style: normal; font-variant-ligatures: normal; font-variant-caps: normal; font-weight: 400;\"><strong>\u00a0 \u00a0 \u00a0 \u00a0 \u00a0 \u00a0 \u00a0 \u00a0 \u00a0 \u00a0 \u00a0 \u00a0 \u00a0Perfectionnement Mardi :\u00a0<span style=\"color: #fb3f22;\">10h00 \u2013 11h00 groupe 1 &amp; 2 \u2013 semaines altern\u00e9es<\/span><\/strong><\/p><p style=\"color: #222222; font-family: arial, helvetica, sans-serif; font-size: 16px; font-style: normal; font-variant-ligatures: normal; font-variant-caps: normal; font-weight: 400;\"><strong>\u00a0 \u00a0 \u00a0 \u00a0 \u00a0 \u00a0 \u00a0 \u00a0 \u00a0 \u00a0 \u00a0 \u00a0 \u00a0Perfectionnement Mardi :\u00a0<span style=\"color: #fb3f22;\">11h00 \u2013 12h00 groupe 3 &amp; 4 \u2013 semaines altern\u00e9es<\/span><\/strong><\/p><p style=\"color: #222222; font-family: arial, helvetica, sans-serif; font-size: 16px; font-style: normal; font-variant-ligatures: normal; font-variant-caps: normal; font-weight: 400;\"><strong>\u00a0 \u00a0 \u00a0 \u00a0 \u00a0 \u00a0 \u00a0 \u00a0 \u00a0 \u00a0 \u00a0 \u00a0 \u00a0Perfectionnement Mardi :\u00a0<span style=\"color: #fb3f22;\">12h00 \u2013 13h00 groupe 5 &amp; 6 \u2013 semaines altern\u00e9es<\/span><\/strong><\/p><p style=\"color: #222222; font-family: arial, helvetica, sans-serif; font-size: 16px; font-style: normal; font-variant-ligatures: normal; font-variant-caps: normal; font-weight: 400;\"><strong>\u00a0<\/strong><\/p><p style=\"color: #222222; font-family: arial, helvetica, sans-serif; font-size: 16px; font-style: normal; font-variant-ligatures: normal; font-variant-caps: normal; font-weight: 400;\"><strong>\u00a0 \u00a0 \u00a0 \u00a0 \u00a0 \u00a0 \u00a0 \u00a0 \u00a0 \u00a0 \u00a0 \u00a0 \u00a0Grands D\u00e9butants Mercredi :\u00a0<span style=\"color: #fb3f22;\">9h00 \u2013 10h00 \u2013 semaines altern\u00e9es<\/span><\/strong><\/p><p style=\"color: #222222; font-family: arial, helvetica, sans-serif; font-size: 16px; font-style: normal; font-variant-ligatures: normal; font-variant-caps: normal; font-weight: 400;\"><strong>\u00a0 \u00a0 \u00a0 \u00a0 \u00a0 \u00a0 \u00a0 \u00a0 \u00a0 \u00a0 \u00a0 \u00a0 \u00a0Perfectionnement Mercredi :\u00a0<span style=\"color: #fb3f22;\">10h00 \u2013 11h00 groupe 7 &amp; 8 \u2013 semaines altern\u00e9es<\/span><\/strong><\/p><p style=\"color: #222222; font-family: arial, helvetica, sans-serif; font-size: 16px; font-style: normal; font-variant-ligatures: normal; font-variant-caps: normal; font-weight: 400;\"><strong>\u00a0 \u00a0 \u00a0 \u00a0 \u00a0 \u00a0 \u00a0 \u00a0 \u00a0 \u00a0 \u00a0 \u00a0 \u00a0Perfectionnement Mercredi :\u00a0<span style=\"color: #fb3f22;\">11h00 \u2013 12h00 groupe 9 &amp; 10 \u2013 semaines altern\u00e9es<\/span><\/strong><\/p><p style=\"color: #222222; font-family: arial, helvetica, sans-serif; font-size: 16px; font-style: normal; font-variant-ligatures: normal; font-variant-caps: normal; font-weight: 400;\"><strong>\u00a0 \u00a0 \u00a0 \u00a0 \u00a0 \u00a0 \u00a0 \u00a0 \u00a0 \u00a0 \u00a0 \u00a0 \u00a0Perfectionnement Mercredi :\u00a0<span style=\"color: #fb3f22;\">11h00 \u2013 12h00 groupe 11 &amp; 12 \u2013 semaines altern\u00e9es<\/span><\/strong><strong><br \/><\/strong><\/p><p style=\"text-align: center;\"><strong style=\"color: #222222; font-family: arial, helvetica, sans-serif; font-size: 16px; font-style: normal; font-variant-ligatures: normal; font-variant-caps: normal; text-align: start;\">Parcours Accompagn\u00e9s Mardi &amp; Mercredi :\u00a0<span style=\"color: #fb3f22;\">13h30 \u2013 (Optionnels)<\/span><\/strong><strong style=\"font-family: 'Open Sans', sans-serif; font-size: 18px; font-style: normal; font-variant-ligatures: normal; font-variant-caps: normal;\"><span style=\"color: #ff0000;\">\u00a0<\/span><\/strong><\/p><p style=\"text-align: center;\"><span style=\"color: #223947;\">Balles \u00e0 r\u00e9gler \u00e0 l&rsquo;accueil<\/span><br \/><span style=\"color: #223947;\">\u00a0Mat\u00e9riel\u00a0<\/span><span style=\"font-family: 'Open Sans', sans-serif; font-size: 18px; font-style: normal; font-variant-ligatures: normal; font-variant-caps: normal; font-weight: 600;\">(non fourni)\u00a0<\/span>: 1\/2 ou s\u00e9rie de clubs\u00a0<\/p><p style=\"text-align: center;\"><span style=\"color: #223947;\"><strong>R\u00e9f\u00e9rents\u00a0<\/strong>:<\/span><br \/>Christian Liquet(mardi) &amp; Mireille Hess(mercredi)<\/p>\t\t\t\t\t\t\t\t<\/div>\n\t\t\t\t<\/div>\n\t\t\t\t<\/div>\n\t\t\t\t\t<\/div>\n\t\t\t\t<\/div>\n\t\t\t\t<\/div>\n\t\t","protected":false},"excerpt":{"rendered":"<p>BIARRITZ SPORTS RETRAITE \u00ab\u00a0 Le golf est une agr\u00e9able promenade, g\u00e2ch\u00e9e par une petite balle blanche\u00a0\u00bb disait Mark Twain Mais d\u00e9couvrir ce sport, c&rsquo;est d\u00e9velopper son adresse, sa concentration, sa coordination dans un cadre somptueux et une ambiance amicale. Golf d&rsquo;Ilbarritz\u00a01 avenue du Ch\u00e2teau \u00e0 Bidart Professeur :\u00a0 Didier Jenaste \u00a0 \u00a0 \u00a0 \u00a0 \u00a0 \u00a0 \u00a0 \u00a0 \u00a0 \u00a0 \u00a0 \u00a0 \u00a0 \u00a0 \u00a0 \u00a0 Initiation Mardi :\u00a09h00 \u2013 10h00 &#8211; cours hebdomadaires \u00a0 \u00a0 \u00a0 \u00a0 \u00a0 \u00a0<\/p>\n","protected":false},"author":5,"featured_media":0,"parent":0,"menu_order":0,"comment_status":"closed","ping_status":"closed","template":"","meta":{"_acf_changed":false,"_seopress_robots_primary_cat":"","_seopress_titles_title":"","_seopress_titles_desc":"","_seopress_robots_index":"","footnotes":""},"class_list":["post-1095","page","type-page","status-publish","hentry"],"acf":[],"_links":{"self":[{"href":"https:\/\/www.biarritzsportsretraite.fr\/index.php\/wp-json\/wp\/v2\/pages\/1095","targetHints":{"allow":["GET"]}}],"collection":[{"href":"https:\/\/www.biarritzsportsretraite.fr\/index.php\/wp-json\/wp\/v2\/pages"}],"about":[{"href":"https:\/\/www.biarritzsportsretraite.fr\/index.php\/wp-json\/wp\/v2\/types\/page"}],"author":[{"embeddable":true,"href":"https:\/\/www.biarritzsportsretraite.fr\/index.php\/wp-json\/wp\/v2\/users\/5"}],"replies":[{"embeddable":true,"href":"https:\/\/www.biarritzsportsretraite.fr\/index.php\/wp-json\/wp\/v2\/comments?post=1095"}],"version-history":[{"count":90,"href":"https:\/\/www.biarritzsportsretraite.fr\/index.php\/wp-json\/wp\/v2\/pages\/1095\/revisions"}],"predecessor-version":[{"id":11047,"href":"https:\/\/www.biarritzsportsretraite.fr\/index.php\/wp-json\/wp\/v2\/pages\/1095\/revisions\/11047"}],"wp:attachment":[{"href":"https:\/\/www.biarritzsportsretraite.fr\/index.php\/wp-json\/wp\/v2\/media?parent=1095"}],"curies":[{"name":"wp","href":"https:\/\/api.w.org\/{rel}","templated":true}]}}