{"id":1081,"date":"2017-08-23T15:34:18","date_gmt":"2017-08-23T13:34:18","guid":{"rendered":"http:\/\/www.biarritzsportsretraite.fr\/?page_id=1081"},"modified":"2025-08-21T12:27:44","modified_gmt":"2025-08-21T10:27:44","slug":"atelier-de-chants","status":"publish","type":"page","link":"https:\/\/www.biarritzsportsretraite.fr\/index.php\/atelier-de-chants\/","title":{"rendered":"Atelier de Chants"},"content":{"rendered":"\t\t<div data-elementor-type=\"wp-page\" data-elementor-id=\"1081\" class=\"elementor elementor-1081\">\n\t\t\t\t<div class=\"elementor-element elementor-element-c86cc8c e-flex e-con-boxed e-con e-parent\" data-id=\"c86cc8c\" data-element_type=\"container\" data-e-type=\"container\">\n\t\t\t\t\t<div class=\"e-con-inner\">\n\t\t<div class=\"elementor-element elementor-element-a7f4ce7 e-con-full e-flex e-con e-child\" data-id=\"a7f4ce7\" data-element_type=\"container\" data-e-type=\"container\">\n\t\t\t\t<div class=\"elementor-element elementor-element-b37b8fb elementor-widget elementor-widget-image\" data-id=\"b37b8fb\" data-element_type=\"widget\" data-e-type=\"widget\" data-widget_type=\"image.default\">\n\t\t\t\t<div class=\"elementor-widget-container\">\n\t\t\t\t\t\t\t\t\t\t\t\t<figure class=\"wp-caption\">\n\t\t\t\t\t\t\t\t\t\t<img fetchpriority=\"high\" decoding=\"async\" width=\"300\" height=\"169\" src=\"https:\/\/www.biarritzsportsretraite.fr\/wp-content\/uploads\/2021\/05\/Chant-300x169.jpg\" class=\"attachment-medium size-medium wp-image-4479\" alt=\"\" srcset=\"https:\/\/www.biarritzsportsretraite.fr\/wp-content\/uploads\/2021\/05\/Chant-300x169.jpg 300w, https:\/\/www.biarritzsportsretraite.fr\/wp-content\/uploads\/2021\/05\/Chant-768x432.jpg 768w, https:\/\/www.biarritzsportsretraite.fr\/wp-content\/uploads\/2021\/05\/Chant-e1622359886811.jpg 1024w\" sizes=\"(max-width: 300px) 100vw, 300px\" \/>\t\t\t\t\t\t\t\t\t\t\t<figcaption class=\"widget-image-caption wp-caption-text\">BIARRITZ SPORTS RETRAITE<\/figcaption>\n\t\t\t\t\t\t\t\t\t\t<\/figure>\n\t\t\t\t\t\t\t\t\t<\/div>\n\t\t\t\t<\/div>\n\t\t\t\t<\/div>\n\t\t\t\t\t<\/div>\n\t\t\t\t<\/div>\n\t\t<div class=\"elementor-element elementor-element-0c20a43 e-flex e-con-boxed e-con e-parent\" data-id=\"0c20a43\" data-element_type=\"container\" data-e-type=\"container\">\n\t\t\t\t\t<div class=\"e-con-inner\">\n\t\t<div class=\"elementor-element elementor-element-9145785 e-con-full e-flex e-con e-child\" data-id=\"9145785\" data-element_type=\"container\" data-e-type=\"container\">\n\t\t\t\t<div class=\"elementor-element elementor-element-ead760e elementor-widget elementor-widget-text-editor\" data-id=\"ead760e\" data-element_type=\"widget\" data-e-type=\"widget\" data-widget_type=\"text-editor.default\">\n\t\t\t\t<div class=\"elementor-widget-container\">\n\t\t\t\t\t\t\t\t\t<h3 style=\"text-align: center;\"><strong>L\u2019Atelier de chant choral de BSR<\/strong><\/h3>\n<h3 style=\"text-align: center;\">\u00ab&nbsp;La Cl\u00e9 des chants&nbsp;\u00bb<\/h3><div><br><\/div>\n<p>Est ouvert \u00e0 tous ceux qui aiment ou aimeraient chanter en groupe \u00e0 plusieurs voix.<\/p>\n<p>Il n\u2019y a pas de condition requise pr\u00e9alable puisque les participants vont des d\u00e9butants absolus aux chanteurs plus exp\u00e9riment\u00e9s ou confirm\u00e9s.<\/p>\n<p>L\u2019objectif est d\u2019explorer \u00e0 travers des \u0153uvres a capella (sans instruments d\u2019accompagnement) et avec l\u2019aide de deux chefs de ch\u0153ur b\u00e9n\u00e9voles, un large r\u00e9pertoire de musiques populaires et savantes assez rapidement accessibles et compos\u00e9es \u00e0 diverses \u00e9poques.<\/p>\n<p>L\u2019int\u00e9r\u00eat de cet atelier est de pouvoir se d\u00e9couvrir capable de faire de la musique en groupe, de travailler son souffle, sa m\u00e9moire, et apr\u00e8s les p\u00e9riodes un peu arides d\u2019apprentissage, de partager un r\u00e9el plaisir.<\/p>\n<p>On chante en fran\u00e7ais, en basque, en anglais, en catalan, en h\u00e9breu, en italien, en espagnol, en javanais\u2026<\/p>\n<p>Vive la musique partag\u00e9e&nbsp;!<\/p>\n<p><em>\u00ab&nbsp;Je ne me croyais pas capable et pourtant maintenant je me fonds dans mon groupe avec plaisir&nbsp;\u00bb<\/em> Ernestine<\/p>\n<p><em>\u00ab&nbsp;Je croyais que je chantais faux mais je me suis rendu compte que j\u2019y arrivais comme les autres&nbsp;\u00bb<\/em><\/p>\n<p>Gaston<\/p>\n<p><em>\u00ab&nbsp;Ma m\u00e9moire est capable de retenir des m\u00e9lodies jusque-l\u00e0 inconnues, chapeau&nbsp;!&nbsp;\u00bb<\/em><\/p>\n<p>L\u00e9a<\/p>\n<p><em>\u00ab&nbsp;Les chefs de ch\u0153ur sont adorables et tellement patients&nbsp;! Merci&nbsp;!&nbsp;\u00bb<\/em><\/p>\n<p>Claudia<\/p>\n<p><em>\u00ab&nbsp;Parfois, c\u2019est tellement beau et je me dis&nbsp;: c\u2019est moi qui participe \u00e0 \u00e7a&nbsp;! Incroyable&nbsp;!&nbsp;\u00bb<\/em><\/p>\n<p>Ga\u00e9tan<\/p>\n<p><em>\u00ab&nbsp;Pourquoi n\u2019ai-je pas cherch\u00e9 plus t\u00f4t une chorale&nbsp;??? C\u2019est un si bon moment&nbsp;! Vivement mardi prochain&nbsp;!&nbsp;\u00bb<\/em><\/p>\n<p>Z\u00e9phyrine<\/p>\n<p style=\"text-align: center;\" align=\"center\"><span style=\"color: #223947;\"><strong><span lang=\"FR\">Avec Pierre Legendre et Bernard Contraires&nbsp;<\/span><\/strong><\/span><\/p>\n<p style=\"text-align: center;\" align=\"center\"><span style=\"color: #223947;\"><strong><span lang=\"FR\">Salle Saint Martin<\/span><\/strong><\/span><\/p>\n<p style=\"text-align: center;\" align=\"center\"><strong><span lang=\"FR\" style=\"color: red; mso-ansi-language: FR;\"><span style=\"color: #223947;\">Mardi :<\/span> 17h30 &#8211; 19h<\/span><\/strong><\/p>\n<p style=\"text-align: center;\" align=\"center\"><span style=\"color: #223947;\"><strong><span lang=\"FR\">R\u00e9f\u00e9rente :<\/span><\/strong><\/span><\/p>\n<p style=\"text-align: center;\" align=\"center\"><span lang=\"FR\" style=\"color: #223947;\">Fran\u00e7oise Legendre<\/span><\/p>\t\t\t\t\t\t\t\t<\/div>\n\t\t\t\t<\/div>\n\t\t\t\t<\/div>\n\t\t\t\t\t<\/div>\n\t\t\t\t<\/div>\n\t\t\t\t<\/div>\n\t\t","protected":false},"excerpt":{"rendered":"<p>BIARRITZ SPORTS RETRAITE L\u2019Atelier de chant choral de BSR \u00ab&nbsp;La Cl\u00e9 des chants&nbsp;\u00bb Est ouvert \u00e0 tous ceux qui aiment ou aimeraient chanter en groupe \u00e0 plusieurs voix. Il n\u2019y a pas de condition requise pr\u00e9alable puisque les participants vont des d\u00e9butants absolus aux chanteurs plus exp\u00e9riment\u00e9s ou confirm\u00e9s. L\u2019objectif est d\u2019explorer \u00e0 travers des \u0153uvres a capella (sans instruments d\u2019accompagnement) et avec l\u2019aide de deux chefs de ch\u0153ur b\u00e9n\u00e9voles, un large r\u00e9pertoire de musiques populaires et savantes assez rapidement<\/p>\n","protected":false},"author":5,"featured_media":0,"parent":0,"menu_order":0,"comment_status":"closed","ping_status":"closed","template":"","meta":{"_acf_changed":false,"_seopress_robots_primary_cat":"","_seopress_titles_title":"","_seopress_titles_desc":"","_seopress_robots_index":"","footnotes":""},"class_list":["post-1081","page","type-page","status-publish","hentry"],"acf":[],"_links":{"self":[{"href":"https:\/\/www.biarritzsportsretraite.fr\/index.php\/wp-json\/wp\/v2\/pages\/1081","targetHints":{"allow":["GET"]}}],"collection":[{"href":"https:\/\/www.biarritzsportsretraite.fr\/index.php\/wp-json\/wp\/v2\/pages"}],"about":[{"href":"https:\/\/www.biarritzsportsretraite.fr\/index.php\/wp-json\/wp\/v2\/types\/page"}],"author":[{"embeddable":true,"href":"https:\/\/www.biarritzsportsretraite.fr\/index.php\/wp-json\/wp\/v2\/users\/5"}],"replies":[{"embeddable":true,"href":"https:\/\/www.biarritzsportsretraite.fr\/index.php\/wp-json\/wp\/v2\/comments?post=1081"}],"version-history":[{"count":50,"href":"https:\/\/www.biarritzsportsretraite.fr\/index.php\/wp-json\/wp\/v2\/pages\/1081\/revisions"}],"predecessor-version":[{"id":11019,"href":"https:\/\/www.biarritzsportsretraite.fr\/index.php\/wp-json\/wp\/v2\/pages\/1081\/revisions\/11019"}],"wp:attachment":[{"href":"https:\/\/www.biarritzsportsretraite.fr\/index.php\/wp-json\/wp\/v2\/media?parent=1081"}],"curies":[{"name":"wp","href":"https:\/\/api.w.org\/{rel}","templated":true}]}}