{"id":10616,"date":"2025-08-05T11:52:10","date_gmt":"2025-08-05T09:52:10","guid":{"rendered":"https:\/\/www.biarritzsportsretraite.fr\/?page_id=10616"},"modified":"2025-10-13T18:31:02","modified_gmt":"2025-10-13T16:31:02","slug":"yogalates","status":"publish","type":"page","link":"https:\/\/www.biarritzsportsretraite.fr\/index.php\/yogalates\/","title":{"rendered":"Yogalates"},"content":{"rendered":"\t\t<div data-elementor-type=\"wp-page\" data-elementor-id=\"10616\" class=\"elementor elementor-10616\">\n\t\t\t\t<div class=\"elementor-element elementor-element-814dd24 e-con-full e-flex e-con e-parent\" data-id=\"814dd24\" data-element_type=\"container\" data-e-type=\"container\">\n\t\t\t\t<div class=\"elementor-element elementor-element-fd309db elementor-widget elementor-widget-text-editor\" data-id=\"fd309db\" data-element_type=\"widget\" data-e-type=\"widget\" data-widget_type=\"text-editor.default\">\n\t\t\t\t<div class=\"elementor-widget-container\">\n\t\t\t\t\t\t\t\t\t<p>Je vous propose de d\u00e9couvrir Yogalates Bien-\u00catre, une activit\u00e9 douce et accessible qui<br \/>combine harmonieusement les bienfaits du Yoga et du Pilates, sp\u00e9cialement adapt\u00e9e aux<br \/>besoins des adultes et seniors pour favoriser la sant\u00e9 physique et mentale.<br \/>En quoi consiste cette activit\u00e9 ?<br \/>Le Yogalates associe :<br \/>\uf0b7 Les postures de Yoga (asanas), qui permettent d\u2019\u00e9tirer et renforcer les muscles en<br \/>douceur, d\u2019am\u00e9liorer la posture et la souplesse, tout en favorisant une respiration plus<br \/>consciente.<br \/>\uf0b7 Les exercices de Pilates, centr\u00e9s sur le renforcement du core (muscles profonds de<br \/>l\u2019abdomen et du dos), l\u2019am\u00e9lioration de l\u2019\u00e9quilibre, de la coordination et de<br \/>l\u2019alignement corporel.<br \/>D\u00e9roulement d\u2019une s\u00e9ance (1h)<br \/>Chaque s\u00e9ance suivra un rythme progressif et apaisant :<br \/>1. Accueil et pr\u00e9paration : Un temps calme pour s\u2019installer, respirer et \u00e9chauffer le corps<br \/>en douceur.<br \/>2. Encha\u00eenements Yogalates : Une s\u00e9rie de mouvements fluides et contr\u00f4l\u00e9s m\u00ealant<br \/>Yoga et Pilates, adapt\u00e9s aux capacit\u00e9s et aux besoins de chacun.<br \/>3. Exercices de respiration : Des techniques simples pour apprendre \u00e0 mieux respirer, se<br \/>relaxer et oxyg\u00e9ner le corps.<br \/>4. \u00c9tirements et relaxation finale : Un moment d\u00e9di\u00e9 \u00e0 rel\u00e2cher les tensions, apaiser<br \/>l\u2019esprit et retrouver un profond bien-\u00eatre.<br \/>En tant que th\u00e9rapeute occupationale et professeure de Yoga, je veille \u00e0 proposer des<br \/>exercices s\u00e9curis\u00e9s, progressifs et adapt\u00e9s \u00e0 chaque participant, avec une attention particuli\u00e8re<br \/>port\u00e9e \u00e0 la mobilit\u00e9, l\u2019autonomie et la confiance corporelle.<br \/>Les bienfaits :<br \/>\uf0b7 Am\u00e9lioration de la force musculaire, de la souplesse et de l\u2019\u00e9quilibre.<br \/>\uf0b7 Pr\u00e9vention des douleurs articulaires et des tensions.<br \/>\uf0b7 Renforcement de la capacit\u00e9 respiratoire et r\u00e9duction du stress.<br \/>Yogalates Bien-\u00catre est plus qu\u2019une simple activit\u00e9 : c\u2019est une invitation \u00e0 prendre soin de<br \/>soi, en douceur et dans la convivialit\u00e9.<br \/>Mon Parcours Professionnel<br \/>Je m\u2019appelle Luisa, ergoth\u00e9rapeute et professeure de yoga passionn\u00e9e par le bien-\u00eatre global.<br \/>J\u2019ai \u00e9tudi\u00e9 l\u2019ergoth\u00e9rapie \u00e0 l\u2019Universit\u00e9 du Chili avant de me perfectionner en Australie, o\u00f9 j\u2019ai<br \/>acquis des comp\u00e9tences en coaching personnel, sportif, ainsi qu\u2019en yoga et en Pilates.<br \/>Mon objectif est d\u2019accompagner chacun vers un mieux-\u00eatre physique et mental gr\u00e2ce \u00e0 une<br \/>approche douce, adapt\u00e9e et bienveillante.<\/p><p><strong>LUNDI 10h00-11HOO<\/strong><\/p><p><strong>Salle KLEBER Studios de danse Salle polyvalente RDC<\/strong><\/p><p><strong>Professeur: Luisa A<\/strong><strong style=\"font-size: 0.95em;\">RANCIBIA<\/strong><strong style=\"font-size: 0.95em;\"> APARIZ<\/strong><\/p><p><strong>R\u00e9f\u00e9rente: AZAIS Catherine<\/strong><\/p>\t\t\t\t\t\t\t\t<\/div>\n\t\t\t\t<\/div>\n\t\t\t\t<\/div>\n\t\t\t\t<\/div>\n\t\t","protected":false},"excerpt":{"rendered":"<p>Je vous propose de d\u00e9couvrir Yogalates Bien-\u00catre, une activit\u00e9 douce et accessible quicombine harmonieusement les bienfaits du Yoga et du Pilates, sp\u00e9cialement adapt\u00e9e auxbesoins des adultes et seniors pour favoriser la sant\u00e9 physique et mentale.En quoi consiste cette activit\u00e9 ?Le Yogalates associe :\uf0b7 Les postures de Yoga (asanas), qui permettent d\u2019\u00e9tirer et renforcer les muscles endouceur, d\u2019am\u00e9liorer la posture et la souplesse, tout en favorisant une respiration plusconsciente.\uf0b7 Les exercices de Pilates, centr\u00e9s sur le renforcement du core (muscles profonds<\/p>\n","protected":false},"author":12,"featured_media":0,"parent":0,"menu_order":0,"comment_status":"closed","ping_status":"closed","template":"","meta":{"_acf_changed":false,"_seopress_robots_primary_cat":"","_seopress_titles_title":"","_seopress_titles_desc":"","_seopress_robots_index":"","footnotes":""},"class_list":["post-10616","page","type-page","status-publish","hentry"],"acf":[],"_links":{"self":[{"href":"https:\/\/www.biarritzsportsretraite.fr\/index.php\/wp-json\/wp\/v2\/pages\/10616","targetHints":{"allow":["GET"]}}],"collection":[{"href":"https:\/\/www.biarritzsportsretraite.fr\/index.php\/wp-json\/wp\/v2\/pages"}],"about":[{"href":"https:\/\/www.biarritzsportsretraite.fr\/index.php\/wp-json\/wp\/v2\/types\/page"}],"author":[{"embeddable":true,"href":"https:\/\/www.biarritzsportsretraite.fr\/index.php\/wp-json\/wp\/v2\/users\/12"}],"replies":[{"embeddable":true,"href":"https:\/\/www.biarritzsportsretraite.fr\/index.php\/wp-json\/wp\/v2\/comments?post=10616"}],"version-history":[{"count":11,"href":"https:\/\/www.biarritzsportsretraite.fr\/index.php\/wp-json\/wp\/v2\/pages\/10616\/revisions"}],"predecessor-version":[{"id":11001,"href":"https:\/\/www.biarritzsportsretraite.fr\/index.php\/wp-json\/wp\/v2\/pages\/10616\/revisions\/11001"}],"wp:attachment":[{"href":"https:\/\/www.biarritzsportsretraite.fr\/index.php\/wp-json\/wp\/v2\/media?parent=10616"}],"curies":[{"name":"wp","href":"https:\/\/api.w.org\/{rel}","templated":true}]}}